{"id":44,"date":"2019-04-18T20:26:51","date_gmt":"2019-04-18T20:26:51","guid":{"rendered":"https:\/\/www.royal-elec.fr\/?page_id=44"},"modified":"2019-06-24T12:25:22","modified_gmt":"2019-06-24T12:25:22","slug":"pompe-a-chaleur","status":"publish","type":"page","link":"https:\/\/www.royal-elec.fr\/index.php\/chauffage\/pompe-a-chaleur\/","title":{"rendered":"Pompe \u00e0 chaleur"},"content":{"rendered":"\t\t<div data-elementor-type=\"wp-post\" data-elementor-id=\"44\" class=\"elementor elementor-44\" data-elementor-post-type=\"page\">\n\t\t\t\t\t\t<section class=\"elementor-section elementor-top-section elementor-element elementor-element-ae8e739 elementor-section-full_width elementor-section-height-default elementor-section-height-default\" data-id=\"ae8e739\" data-element_type=\"section\" data-e-type=\"section\">\n\t\t\t\t\t\t<div class=\"elementor-container elementor-column-gap-no\">\n\t\t\t\t\t<div class=\"elementor-column elementor-col-100 elementor-top-column elementor-element elementor-element-36812e6\" data-id=\"36812e6\" data-element_type=\"column\" data-e-type=\"column\">\n\t\t\t<div class=\"elementor-widget-wrap elementor-element-populated\">\n\t\t\t\t\t\t<section class=\"elementor-section elementor-inner-section elementor-element elementor-element-d883108 elementor-section-full_width elementor-section-height-default elementor-section-height-default\" data-id=\"d883108\" data-element_type=\"section\" data-e-type=\"section\" data-settings=\"{&quot;background_background&quot;:&quot;classic&quot;}\">\n\t\t\t\t\t\t<div class=\"elementor-container elementor-column-gap-default\">\n\t\t\t\t\t<div class=\"elementor-column elementor-col-100 elementor-inner-column elementor-element elementor-element-54e70f7\" data-id=\"54e70f7\" data-element_type=\"column\" data-e-type=\"column\">\n\t\t\t<div class=\"elementor-widget-wrap elementor-element-populated\">\n\t\t\t\t\t\t<div class=\"elementor-element elementor-element-032b4b1 elementor-widget elementor-widget-heading\" data-id=\"032b4b1\" data-element_type=\"widget\" data-e-type=\"widget\" data-widget_type=\"heading.default\">\n\t\t\t\t<div class=\"elementor-widget-container\">\n\t\t\t\t\t<h1 class=\"elementor-heading-title elementor-size-large\">POMPE \u00c0 CHALEUR<\/h1>\t\t\t\t<\/div>\n\t\t\t\t<\/div>\n\t\t\t\t\t<\/div>\n\t\t<\/div>\n\t\t\t\t\t<\/div>\n\t\t<\/section>\n\t\t\t\t<section class=\"elementor-section elementor-inner-section elementor-element elementor-element-a3def1e elementor-section-boxed elementor-section-height-default elementor-section-height-default\" data-id=\"a3def1e\" data-element_type=\"section\" data-e-type=\"section\">\n\t\t\t\t\t\t<div class=\"elementor-container elementor-column-gap-no\">\n\t\t\t\t\t<div class=\"elementor-column elementor-col-100 elementor-inner-column elementor-element elementor-element-2f7f111\" data-id=\"2f7f111\" data-element_type=\"column\" data-e-type=\"column\">\n\t\t\t<div class=\"elementor-widget-wrap elementor-element-populated\">\n\t\t\t\t\t\t<div class=\"elementor-element elementor-element-a3d58a5 elementor-widget elementor-widget-image\" data-id=\"a3d58a5\" data-element_type=\"widget\" data-e-type=\"widget\" data-settings=\"{&quot;motion_fx_motion_fx_mouse&quot;:&quot;yes&quot;}\" data-widget_type=\"image.default\">\n\t\t\t\t<div class=\"elementor-widget-container\">\n\t\t\t\t\t\t\t\t\t\t\t\t\t\t\t<img fetchpriority=\"high\" decoding=\"async\" width=\"1140\" height=\"400\" src=\"https:\/\/www.royal-elec.fr\/wp-content\/uploads\/2019\/06\/9-pompe-a\u0300-chaleur.jpg\" class=\"attachment-full size-full wp-image-383\" alt=\"pompe-a\u0300-chaleur\" srcset=\"https:\/\/www.royal-elec.fr\/wp-content\/uploads\/2019\/06\/9-pompe-a\u0300-chaleur.jpg 1140w, https:\/\/www.royal-elec.fr\/wp-content\/uploads\/2019\/06\/9-pompe-a\u0300-chaleur-300x105.jpg 300w, https:\/\/www.royal-elec.fr\/wp-content\/uploads\/2019\/06\/9-pompe-a\u0300-chaleur-768x269.jpg 768w, https:\/\/www.royal-elec.fr\/wp-content\/uploads\/2019\/06\/9-pompe-a\u0300-chaleur-1024x359.jpg 1024w\" sizes=\"100vw\" \/>\t\t\t\t\t\t\t\t\t\t\t\t\t\t\t<\/div>\n\t\t\t\t<\/div>\n\t\t\t\t\t<\/div>\n\t\t<\/div>\n\t\t\t\t\t<\/div>\n\t\t<\/section>\n\t\t\t\t<section class=\"elementor-section elementor-inner-section elementor-element elementor-element-b886da6 elementor-section-boxed elementor-section-height-default elementor-section-height-default\" data-id=\"b886da6\" data-element_type=\"section\" data-e-type=\"section\">\n\t\t\t\t\t\t<div class=\"elementor-container elementor-column-gap-default\">\n\t\t\t\t\t<div class=\"elementor-column elementor-col-100 elementor-inner-column elementor-element elementor-element-532d33f\" data-id=\"532d33f\" data-element_type=\"column\" data-e-type=\"column\">\n\t\t\t<div class=\"elementor-widget-wrap elementor-element-populated\">\n\t\t\t\t\t\t<div class=\"elementor-element elementor-element-ca89f84 elementor-widget elementor-widget-text-editor\" data-id=\"ca89f84\" data-element_type=\"widget\" data-e-type=\"widget\" data-widget_type=\"text-editor.default\">\n\t\t\t\t<div class=\"elementor-widget-container\">\n\t\t\t\t\t\t\t\t\t<p>La pompe \u00e0 chaleur est un appareil thermodynamique qui r\u00e9cup\u00e8re les calories pr\u00e9sentes dans l\u2019air pour chauffer ou rafra\u00eechir votre logement ou votre local professionnel. Royal Elec, en partenariat avec la marque Hitachi, est sp\u00e9cialiste de l\u2019installation et du raccordement des modules int\u00e9rieurs et ext\u00e9rieurs pour le bon fonctionnement de votre pompe \u00e0 chaleur de type air\/eau. Vous r\u00e9duirez ainsi votre facture \u00e9lectrique.<\/p><p>\u2028Lors d\u2019une construction, nous vous proposons nos solutions de plancher chauffant hydraulique.<\/p><p>\u2028En cas de r\u00e9novation, n\u2019h\u00e9sitez plus et remplacez votre chaudi\u00e8re par une pompe \u00e0 chaleur. Royal Elec sera votre partenaire dans cette transformation.<\/p>\t\t\t\t\t\t\t\t<\/div>\n\t\t\t\t<\/div>\n\t\t\t\t\t<\/div>\n\t\t<\/div>\n\t\t\t\t\t<\/div>\n\t\t<\/section>\n\t\t\t\t<section class=\"elementor-section elementor-inner-section elementor-element elementor-element-d2f2ba9 elementor-section-boxed elementor-section-height-default elementor-section-height-default\" data-id=\"d2f2ba9\" data-element_type=\"section\" data-e-type=\"section\" data-settings=\"{&quot;background_background&quot;:&quot;classic&quot;}\">\n\t\t\t\t\t\t<div class=\"elementor-container elementor-column-gap-default\">\n\t\t\t\t\t<div class=\"elementor-column elementor-col-100 elementor-inner-column elementor-element elementor-element-881af72\" data-id=\"881af72\" data-element_type=\"column\" data-e-type=\"column\" data-settings=\"{&quot;background_background&quot;:&quot;classic&quot;}\">\n\t\t\t<div class=\"elementor-widget-wrap elementor-element-populated\">\n\t\t\t\t\t\t<div class=\"elementor-element elementor-element-4978422 elementor-widget elementor-widget-heading\" data-id=\"4978422\" data-element_type=\"widget\" data-e-type=\"widget\" data-widget_type=\"heading.default\">\n\t\t\t\t<div class=\"elementor-widget-container\">\n\t\t\t\t\t<h2 class=\"elementor-heading-title elementor-size-xl\">Nos atouts<\/h2>\t\t\t\t<\/div>\n\t\t\t\t<\/div>\n\t\t\t\t<div class=\"elementor-element elementor-element-36a16fe elementor-align-start elementor-icon-list--layout-traditional elementor-list-item-link-full_width elementor-widget elementor-widget-icon-list\" data-id=\"36a16fe\" data-element_type=\"widget\" data-e-type=\"widget\" data-widget_type=\"icon-list.default\">\n\t\t\t\t<div class=\"elementor-widget-container\">\n\t\t\t\t\t\t\t<ul class=\"elementor-icon-list-items\">\n\t\t\t\t\t\t\t<li class=\"elementor-icon-list-item\">\n\t\t\t\t\t\t\t\t\t\t\t<span class=\"elementor-icon-list-icon\">\n\t\t\t\t\t\t\t\t\t\t\t\t\t\t\t\t<i class=\"fa fa-check\" aria-hidden=\"true\"><\/i>\n\t\t\t\t\t\t\t\t\t\t\t\t\t<\/span>\n\t\t\t\t\t\t\t\t\t\t<span class=\"elementor-icon-list-text\">Economique, confortable, \u00e9cologique<\/span>\n\t\t\t\t\t\t\t\t\t<\/li>\n\t\t\t\t\t\t\t\t<li class=\"elementor-icon-list-item\">\n\t\t\t\t\t\t\t\t\t\t\t<span class=\"elementor-icon-list-icon\">\n\t\t\t\t\t\t\t\t\t\t\t\t\t\t\t\t<i class=\"fa fa-check\" aria-hidden=\"true\"><\/i>\n\t\t\t\t\t\t\t\t\t\t\t\t\t<\/span>\n\t\t\t\t\t\t\t\t\t\t<span class=\"elementor-icon-list-text\">Installation et formation \u00e0 l\u2019utilisation, d\u00e9pannage<\/span>\n\t\t\t\t\t\t\t\t\t<\/li>\n\t\t\t\t\t\t\t\t<li class=\"elementor-icon-list-item\">\n\t\t\t\t\t\t\t\t\t\t\t<span class=\"elementor-icon-list-icon\">\n\t\t\t\t\t\t\t\t\t\t\t\t\t\t\t\t<i class=\"fa fa-check\" aria-hidden=\"true\"><\/i>\n\t\t\t\t\t\t\t\t\t\t\t\t\t<\/span>\n\t\t\t\t\t\t\t\t\t\t<span class=\"elementor-icon-list-text\">Particuliers et Professionnels (public ou priv\u00e9)<\/span>\n\t\t\t\t\t\t\t\t\t<\/li>\n\t\t\t\t\t\t\t\t<li class=\"elementor-icon-list-item\">\n\t\t\t\t\t\t\t\t\t\t\t<span class=\"elementor-icon-list-icon\">\n\t\t\t\t\t\t\t\t\t\t\t\t\t\t\t\t<i class=\"fa fa-check\" aria-hidden=\"true\"><\/i>\n\t\t\t\t\t\t\t\t\t\t\t\t\t<\/span>\n\t\t\t\t\t\t\t\t\t\t<span class=\"elementor-icon-list-text\">Mat\u00e9riel \u00e9ligible au Cr\u00e9dit d\u2019imp\u00f4t et \u00e0 la Prime coup de pouce<\/span>\n\t\t\t\t\t\t\t\t\t<\/li>\n\t\t\t\t\t\t\t\t<li class=\"elementor-icon-list-item\">\n\t\t\t\t\t\t\t\t\t\t\t<span class=\"elementor-icon-list-icon\">\n\t\t\t\t\t\t\t\t\t\t\t\t\t\t\t\t<i class=\"fa fa-check\" aria-hidden=\"true\"><\/i>\n\t\t\t\t\t\t\t\t\t\t\t\t\t<\/span>\n\t\t\t\t\t\t\t\t\t\t<span class=\"elementor-icon-list-text\">TVA r\u00e9duite (5.5%)<\/span>\n\t\t\t\t\t\t\t\t\t<\/li>\n\t\t\t\t\t\t<\/ul>\n\t\t\t\t\t\t<\/div>\n\t\t\t\t<\/div>\n\t\t\t\t\t<\/div>\n\t\t<\/div>\n\t\t\t\t\t<\/div>\n\t\t<\/section>\n\t\t\t\t<section class=\"elementor-section elementor-inner-section elementor-element elementor-element-e3392d3 elementor-section-boxed elementor-section-height-default elementor-section-height-default\" data-id=\"e3392d3\" data-element_type=\"section\" data-e-type=\"section\">\n\t\t\t\t\t\t<div class=\"elementor-container elementor-column-gap-default\">\n\t\t\t\t\t<div class=\"elementor-column elementor-col-100 elementor-inner-column elementor-element elementor-element-e96bc07\" data-id=\"e96bc07\" data-element_type=\"column\" data-e-type=\"column\">\n\t\t\t<div class=\"elementor-widget-wrap elementor-element-populated\">\n\t\t\t\t\t\t<div class=\"elementor-element elementor-element-e0f893d elementor-view-default elementor-widget elementor-widget-icon\" data-id=\"e0f893d\" data-element_type=\"widget\" data-e-type=\"widget\" data-widget_type=\"icon.default\">\n\t\t\t\t<div class=\"elementor-widget-container\">\n\t\t\t\t\t\t\t<div class=\"elementor-icon-wrapper\">\n\t\t\t<div class=\"elementor-icon\">\n\t\t\t<i aria-hidden=\"true\" class=\"fas fa-star\"><\/i>\t\t\t<\/div>\n\t\t<\/div>\n\t\t\t\t\t\t<\/div>\n\t\t\t\t<\/div>\n\t\t\t\t<div class=\"elementor-element elementor-element-d01341b elementor-widget elementor-widget-heading\" data-id=\"d01341b\" data-element_type=\"widget\" data-e-type=\"widget\" data-widget_type=\"heading.default\">\n\t\t\t\t<div class=\"elementor-widget-container\">\n\t\t\t\t\t<h2 class=\"elementor-heading-title elementor-size-xl\">Nos Marques<\/h2>\t\t\t\t<\/div>\n\t\t\t\t<\/div>\n\t\t\t\t\t<\/div>\n\t\t<\/div>\n\t\t\t\t\t<\/div>\n\t\t<\/section>\n\t\t\t\t<section class=\"elementor-section elementor-inner-section elementor-element elementor-element-7a9fc69 elementor-section-boxed elementor-section-height-default elementor-section-height-default\" data-id=\"7a9fc69\" data-element_type=\"section\" data-e-type=\"section\">\n\t\t\t\t\t\t<div class=\"elementor-container elementor-column-gap-default\">\n\t\t\t\t\t<div class=\"elementor-column elementor-col-100 elementor-inner-column elementor-element elementor-element-3633af3\" data-id=\"3633af3\" data-element_type=\"column\" data-e-type=\"column\">\n\t\t\t<div class=\"elementor-widget-wrap elementor-element-populated\">\n\t\t\t\t\t\t<div class=\"elementor-element elementor-element-7919b66 elementor-widget elementor-widget-image\" data-id=\"7919b66\" data-element_type=\"widget\" data-e-type=\"widget\" data-widget_type=\"image.default\">\n\t\t\t\t<div class=\"elementor-widget-container\">\n\t\t\t\t\t\t\t\t\t\t\t\t\t\t\t\t<a href=\"http:\/\/www.hitachi.eu\/\" target=\"_blank\">\n\t\t\t\t\t\t\t<img decoding=\"async\" width=\"500\" height=\"120\" src=\"https:\/\/www.royal-elec.fr\/wp-content\/uploads\/2019\/06\/hitachi.jpg\" class=\"attachment-full size-full wp-image-409\" alt=\"hitachi\" srcset=\"https:\/\/www.royal-elec.fr\/wp-content\/uploads\/2019\/06\/hitachi.jpg 500w, https:\/\/www.royal-elec.fr\/wp-content\/uploads\/2019\/06\/hitachi-300x72.jpg 300w\" sizes=\"100vw\" \/>\t\t\t\t\t\t\t\t<\/a>\n\t\t\t\t\t\t\t\t\t\t\t\t\t\t\t<\/div>\n\t\t\t\t<\/div>\n\t\t\t\t\t<\/div>\n\t\t<\/div>\n\t\t\t\t\t<\/div>\n\t\t<\/section>\n\t\t\t\t<div class=\"elementor-element elementor-element-2cf291a elementor-widget elementor-widget-spacer\" data-id=\"2cf291a\" data-element_type=\"widget\" data-e-type=\"widget\" data-widget_type=\"spacer.default\">\n\t\t\t\t<div class=\"elementor-widget-container\">\n\t\t\t\t\t\t\t<div class=\"elementor-spacer\">\n\t\t\t<div class=\"elementor-spacer-inner\"><\/div>\n\t\t<\/div>\n\t\t\t\t\t\t<\/div>\n\t\t\t\t<\/div>\n\t\t\t\t\t<\/div>\n\t\t<\/div>\n\t\t\t\t\t<\/div>\n\t\t<\/section>\n\t\t\t\t<\/div>\n\t\t","protected":false},"excerpt":{"rendered":"<p>POMPE \u00c0 CHALEUR La pompe \u00e0 chaleur est un appareil thermodynamique qui r\u00e9cup\u00e8re les calories pr\u00e9sentes dans l\u2019air pour chauffer ou rafra\u00eechir votre logement ou votre local professionnel. Royal Elec, en partenariat avec la marque Hitachi, est sp\u00e9cialiste de l\u2019installation et du raccordement des modules int\u00e9rieurs et ext\u00e9rieurs pour le bon fonctionnement de votre pompe &hellip; <\/p>\n<p class=\"link-more\"><a href=\"https:\/\/www.royal-elec.fr\/index.php\/chauffage\/pompe-a-chaleur\/\" class=\"more-link\">Continuer la lecture<span class=\"screen-reader-text\"> de &laquo;&nbsp;Pompe \u00e0 chaleur&nbsp;&raquo;<\/span><\/a><\/p>\n","protected":false},"author":1,"featured_media":0,"parent":20,"menu_order":0,"comment_status":"closed","ping_status":"closed","template":"elementor_header_footer","meta":{"footnotes":""},"class_list":["post-44","page","type-page","status-publish","hentry"],"yoast_head":"<!-- This site is optimized with the Yoast SEO plugin v27.3 - https:\/\/yoast.com\/product\/yoast-seo-wordpress\/ -->\n<title>Pompe \u00e0 chaleur - ROYAL ELEC pompe \u00e0 chaleur hitachi<\/title>\n<meta name=\"description\" content=\"La pompe \u00e0 chaleur est un appareil thermodynamique qui r\u00e9cup\u00e8re les calories pr\u00e9sentes dans l\u2019air pour chauffer ou rafra\u00eechir votre logement...\" \/>\n<meta name=\"robots\" content=\"index, follow, max-snippet:-1, max-image-preview:large, max-video-preview:-1\" \/>\n<link rel=\"canonical\" href=\"https:\/\/www.royal-elec.fr\/index.php\/chauffage\/pompe-a-chaleur\/\" \/>\n<meta property=\"og:locale\" content=\"fr_FR\" \/>\n<meta property=\"og:type\" content=\"article\" \/>\n<meta property=\"og:title\" content=\"Pompe \u00e0 chaleur - ROYAL ELEC pompe \u00e0 chaleur hitachi\" \/>\n<meta property=\"og:description\" content=\"La pompe \u00e0 chaleur est un appareil thermodynamique qui r\u00e9cup\u00e8re les calories pr\u00e9sentes dans l\u2019air pour chauffer ou rafra\u00eechir votre logement...\" \/>\n<meta property=\"og:url\" content=\"https:\/\/www.royal-elec.fr\/index.php\/chauffage\/pompe-a-chaleur\/\" \/>\n<meta property=\"og:site_name\" content=\"ROYAL ELEC\" \/>\n<meta property=\"article:publisher\" content=\"https:\/\/www.facebook.com\/profile.php?id=100064052384444\" \/>\n<meta property=\"article:modified_time\" content=\"2019-06-24T12:25:22+00:00\" \/>\n<meta property=\"og:image\" content=\"https:\/\/www.royal-elec.fr\/wp-content\/uploads\/2019\/06\/9-pompe-a\u0300-chaleur.jpg\" \/>\n<meta name=\"twitter:card\" content=\"summary_large_image\" \/>\n<meta name=\"twitter:label1\" content=\"Dur\u00e9e de lecture estim\u00e9e\" \/>\n\t<meta name=\"twitter:data1\" content=\"1 minute\" \/>\n<script type=\"application\/ld+json\" class=\"yoast-schema-graph\">{\"@context\":\"https:\\\/\\\/schema.org\",\"@graph\":[{\"@type\":\"WebPage\",\"@id\":\"https:\\\/\\\/www.royal-elec.fr\\\/index.php\\\/chauffage\\\/pompe-a-chaleur\\\/\",\"url\":\"https:\\\/\\\/www.royal-elec.fr\\\/index.php\\\/chauffage\\\/pompe-a-chaleur\\\/\",\"name\":\"Pompe \u00e0 chaleur - ROYAL ELEC pompe \u00e0 chaleur hitachi\",\"isPartOf\":{\"@id\":\"https:\\\/\\\/www.royal-elec.fr\\\/#website\"},\"primaryImageOfPage\":{\"@id\":\"https:\\\/\\\/www.royal-elec.fr\\\/index.php\\\/chauffage\\\/pompe-a-chaleur\\\/#primaryimage\"},\"image\":{\"@id\":\"https:\\\/\\\/www.royal-elec.fr\\\/index.php\\\/chauffage\\\/pompe-a-chaleur\\\/#primaryimage\"},\"thumbnailUrl\":\"https:\\\/\\\/www.royal-elec.fr\\\/wp-content\\\/uploads\\\/2019\\\/06\\\/hitachi.jpg\",\"datePublished\":\"2019-04-18T20:26:51+00:00\",\"dateModified\":\"2019-06-24T12:25:22+00:00\",\"description\":\"La pompe \u00e0 chaleur est un appareil thermodynamique qui r\u00e9cup\u00e8re les calories pr\u00e9sentes dans l\u2019air pour chauffer ou rafra\u00eechir votre logement...\",\"breadcrumb\":{\"@id\":\"https:\\\/\\\/www.royal-elec.fr\\\/index.php\\\/chauffage\\\/pompe-a-chaleur\\\/#breadcrumb\"},\"inLanguage\":\"fr-FR\",\"potentialAction\":[{\"@type\":\"ReadAction\",\"target\":[\"https:\\\/\\\/www.royal-elec.fr\\\/index.php\\\/chauffage\\\/pompe-a-chaleur\\\/\"]}]},{\"@type\":\"ImageObject\",\"inLanguage\":\"fr-FR\",\"@id\":\"https:\\\/\\\/www.royal-elec.fr\\\/index.php\\\/chauffage\\\/pompe-a-chaleur\\\/#primaryimage\",\"url\":\"https:\\\/\\\/www.royal-elec.fr\\\/wp-content\\\/uploads\\\/2019\\\/06\\\/hitachi.jpg\",\"contentUrl\":\"https:\\\/\\\/www.royal-elec.fr\\\/wp-content\\\/uploads\\\/2019\\\/06\\\/hitachi.jpg\",\"width\":500,\"height\":120,\"caption\":\"hitachi\"},{\"@type\":\"BreadcrumbList\",\"@id\":\"https:\\\/\\\/www.royal-elec.fr\\\/index.php\\\/chauffage\\\/pompe-a-chaleur\\\/#breadcrumb\",\"itemListElement\":[{\"@type\":\"ListItem\",\"position\":1,\"name\":\"Accueil\",\"item\":\"https:\\\/\\\/www.royal-elec.fr\\\/\"},{\"@type\":\"ListItem\",\"position\":2,\"name\":\"Chauffage\",\"item\":\"https:\\\/\\\/www.royal-elec.fr\\\/index.php\\\/chauffage\\\/\"},{\"@type\":\"ListItem\",\"position\":3,\"name\":\"Pompe \u00e0 chaleur\"}]},{\"@type\":\"WebSite\",\"@id\":\"https:\\\/\\\/www.royal-elec.fr\\\/#website\",\"url\":\"https:\\\/\\\/www.royal-elec.fr\\\/\",\"name\":\"ROYAL ELEC\",\"description\":\"Electricit\u00e9, plomberie, chauffage, panneaux photovolta\u00efques en Charente-Maritime\",\"publisher\":{\"@id\":\"https:\\\/\\\/www.royal-elec.fr\\\/#organization\"},\"alternateName\":\"ROYAL ELEC\",\"potentialAction\":[{\"@type\":\"SearchAction\",\"target\":{\"@type\":\"EntryPoint\",\"urlTemplate\":\"https:\\\/\\\/www.royal-elec.fr\\\/?s={search_term_string}\"},\"query-input\":{\"@type\":\"PropertyValueSpecification\",\"valueRequired\":true,\"valueName\":\"search_term_string\"}}],\"inLanguage\":\"fr-FR\"},{\"@type\":\"Organization\",\"@id\":\"https:\\\/\\\/www.royal-elec.fr\\\/#organization\",\"name\":\"Royal Elec\",\"url\":\"https:\\\/\\\/www.royal-elec.fr\\\/\",\"logo\":{\"@type\":\"ImageObject\",\"inLanguage\":\"fr-FR\",\"@id\":\"https:\\\/\\\/www.royal-elec.fr\\\/#\\\/schema\\\/logo\\\/image\\\/\",\"url\":\"https:\\\/\\\/www.royal-elec.fr\\\/wp-content\\\/uploads\\\/2019\\\/06\\\/royal-elec-favicon.jpg\",\"contentUrl\":\"https:\\\/\\\/www.royal-elec.fr\\\/wp-content\\\/uploads\\\/2019\\\/06\\\/royal-elec-favicon.jpg\",\"width\":512,\"height\":512,\"caption\":\"Royal Elec\"},\"image\":{\"@id\":\"https:\\\/\\\/www.royal-elec.fr\\\/#\\\/schema\\\/logo\\\/image\\\/\"},\"sameAs\":[\"https:\\\/\\\/www.facebook.com\\\/profile.php?id=100064052384444\"]}]}<\/script>\n<!-- \/ Yoast SEO plugin. -->","yoast_head_json":{"title":"Pompe \u00e0 chaleur - ROYAL ELEC pompe \u00e0 chaleur hitachi","description":"La pompe \u00e0 chaleur est un appareil thermodynamique qui r\u00e9cup\u00e8re les calories pr\u00e9sentes dans l\u2019air pour chauffer ou rafra\u00eechir votre logement...","robots":{"index":"index","follow":"follow","max-snippet":"max-snippet:-1","max-image-preview":"max-image-preview:large","max-video-preview":"max-video-preview:-1"},"canonical":"https:\/\/www.royal-elec.fr\/index.php\/chauffage\/pompe-a-chaleur\/","og_locale":"fr_FR","og_type":"article","og_title":"Pompe \u00e0 chaleur - ROYAL ELEC pompe \u00e0 chaleur hitachi","og_description":"La pompe \u00e0 chaleur est un appareil thermodynamique qui r\u00e9cup\u00e8re les calories pr\u00e9sentes dans l\u2019air pour chauffer ou rafra\u00eechir votre logement...","og_url":"https:\/\/www.royal-elec.fr\/index.php\/chauffage\/pompe-a-chaleur\/","og_site_name":"ROYAL ELEC","article_publisher":"https:\/\/www.facebook.com\/profile.php?id=100064052384444","article_modified_time":"2019-06-24T12:25:22+00:00","og_image":[{"url":"https:\/\/www.royal-elec.fr\/wp-content\/uploads\/2019\/06\/9-pompe-a\u0300-chaleur.jpg","type":"","width":"","height":""}],"twitter_card":"summary_large_image","twitter_misc":{"Dur\u00e9e de lecture estim\u00e9e":"1 minute"},"schema":{"@context":"https:\/\/schema.org","@graph":[{"@type":"WebPage","@id":"https:\/\/www.royal-elec.fr\/index.php\/chauffage\/pompe-a-chaleur\/","url":"https:\/\/www.royal-elec.fr\/index.php\/chauffage\/pompe-a-chaleur\/","name":"Pompe \u00e0 chaleur - ROYAL ELEC pompe \u00e0 chaleur hitachi","isPartOf":{"@id":"https:\/\/www.royal-elec.fr\/#website"},"primaryImageOfPage":{"@id":"https:\/\/www.royal-elec.fr\/index.php\/chauffage\/pompe-a-chaleur\/#primaryimage"},"image":{"@id":"https:\/\/www.royal-elec.fr\/index.php\/chauffage\/pompe-a-chaleur\/#primaryimage"},"thumbnailUrl":"https:\/\/www.royal-elec.fr\/wp-content\/uploads\/2019\/06\/hitachi.jpg","datePublished":"2019-04-18T20:26:51+00:00","dateModified":"2019-06-24T12:25:22+00:00","description":"La pompe \u00e0 chaleur est un appareil thermodynamique qui r\u00e9cup\u00e8re les calories pr\u00e9sentes dans l\u2019air pour chauffer ou rafra\u00eechir votre logement...","breadcrumb":{"@id":"https:\/\/www.royal-elec.fr\/index.php\/chauffage\/pompe-a-chaleur\/#breadcrumb"},"inLanguage":"fr-FR","potentialAction":[{"@type":"ReadAction","target":["https:\/\/www.royal-elec.fr\/index.php\/chauffage\/pompe-a-chaleur\/"]}]},{"@type":"ImageObject","inLanguage":"fr-FR","@id":"https:\/\/www.royal-elec.fr\/index.php\/chauffage\/pompe-a-chaleur\/#primaryimage","url":"https:\/\/www.royal-elec.fr\/wp-content\/uploads\/2019\/06\/hitachi.jpg","contentUrl":"https:\/\/www.royal-elec.fr\/wp-content\/uploads\/2019\/06\/hitachi.jpg","width":500,"height":120,"caption":"hitachi"},{"@type":"BreadcrumbList","@id":"https:\/\/www.royal-elec.fr\/index.php\/chauffage\/pompe-a-chaleur\/#breadcrumb","itemListElement":[{"@type":"ListItem","position":1,"name":"Accueil","item":"https:\/\/www.royal-elec.fr\/"},{"@type":"ListItem","position":2,"name":"Chauffage","item":"https:\/\/www.royal-elec.fr\/index.php\/chauffage\/"},{"@type":"ListItem","position":3,"name":"Pompe \u00e0 chaleur"}]},{"@type":"WebSite","@id":"https:\/\/www.royal-elec.fr\/#website","url":"https:\/\/www.royal-elec.fr\/","name":"ROYAL ELEC","description":"Electricit\u00e9, plomberie, chauffage, panneaux photovolta\u00efques en Charente-Maritime","publisher":{"@id":"https:\/\/www.royal-elec.fr\/#organization"},"alternateName":"ROYAL ELEC","potentialAction":[{"@type":"SearchAction","target":{"@type":"EntryPoint","urlTemplate":"https:\/\/www.royal-elec.fr\/?s={search_term_string}"},"query-input":{"@type":"PropertyValueSpecification","valueRequired":true,"valueName":"search_term_string"}}],"inLanguage":"fr-FR"},{"@type":"Organization","@id":"https:\/\/www.royal-elec.fr\/#organization","name":"Royal Elec","url":"https:\/\/www.royal-elec.fr\/","logo":{"@type":"ImageObject","inLanguage":"fr-FR","@id":"https:\/\/www.royal-elec.fr\/#\/schema\/logo\/image\/","url":"https:\/\/www.royal-elec.fr\/wp-content\/uploads\/2019\/06\/royal-elec-favicon.jpg","contentUrl":"https:\/\/www.royal-elec.fr\/wp-content\/uploads\/2019\/06\/royal-elec-favicon.jpg","width":512,"height":512,"caption":"Royal Elec"},"image":{"@id":"https:\/\/www.royal-elec.fr\/#\/schema\/logo\/image\/"},"sameAs":["https:\/\/www.facebook.com\/profile.php?id=100064052384444"]}]}},"_links":{"self":[{"href":"https:\/\/www.royal-elec.fr\/index.php\/wp-json\/wp\/v2\/pages\/44","targetHints":{"allow":["GET"]}}],"collection":[{"href":"https:\/\/www.royal-elec.fr\/index.php\/wp-json\/wp\/v2\/pages"}],"about":[{"href":"https:\/\/www.royal-elec.fr\/index.php\/wp-json\/wp\/v2\/types\/page"}],"author":[{"embeddable":true,"href":"https:\/\/www.royal-elec.fr\/index.php\/wp-json\/wp\/v2\/users\/1"}],"replies":[{"embeddable":true,"href":"https:\/\/www.royal-elec.fr\/index.php\/wp-json\/wp\/v2\/comments?post=44"}],"version-history":[{"count":11,"href":"https:\/\/www.royal-elec.fr\/index.php\/wp-json\/wp\/v2\/pages\/44\/revisions"}],"predecessor-version":[{"id":483,"href":"https:\/\/www.royal-elec.fr\/index.php\/wp-json\/wp\/v2\/pages\/44\/revisions\/483"}],"up":[{"embeddable":true,"href":"https:\/\/www.royal-elec.fr\/index.php\/wp-json\/wp\/v2\/pages\/20"}],"wp:attachment":[{"href":"https:\/\/www.royal-elec.fr\/index.php\/wp-json\/wp\/v2\/media?parent=44"}],"curies":[{"name":"wp","href":"https:\/\/api.w.org\/{rel}","templated":true}]}}