{"id":38,"date":"2019-04-18T20:23:57","date_gmt":"2019-04-18T20:23:57","guid":{"rendered":"https:\/\/www.royal-elec.fr\/?page_id=38"},"modified":"2019-06-24T12:21:44","modified_gmt":"2019-06-24T12:21:44","slug":"personne-a-mobilite-reduite","status":"publish","type":"page","link":"https:\/\/www.royal-elec.fr\/index.php\/plomberie\/personne-a-mobilite-reduite\/","title":{"rendered":"Personnes \u00e0 mobilit\u00e9 r\u00e9duite"},"content":{"rendered":"\t\t<div data-elementor-type=\"wp-post\" data-elementor-id=\"38\" class=\"elementor elementor-38\" data-elementor-post-type=\"page\">\n\t\t\t\t\t\t<section class=\"elementor-section elementor-top-section elementor-element elementor-element-fb59ab2 elementor-section-full_width elementor-section-height-default elementor-section-height-default\" data-id=\"fb59ab2\" data-element_type=\"section\" data-e-type=\"section\">\n\t\t\t\t\t\t<div class=\"elementor-container elementor-column-gap-no\">\n\t\t\t\t\t<div class=\"elementor-column elementor-col-100 elementor-top-column elementor-element elementor-element-3e78c0b\" data-id=\"3e78c0b\" data-element_type=\"column\" data-e-type=\"column\">\n\t\t\t<div class=\"elementor-widget-wrap elementor-element-populated\">\n\t\t\t\t\t\t<section class=\"elementor-section elementor-inner-section elementor-element elementor-element-29bdabd elementor-section-full_width elementor-section-height-default elementor-section-height-default\" data-id=\"29bdabd\" data-element_type=\"section\" data-e-type=\"section\" data-settings=\"{&quot;background_background&quot;:&quot;classic&quot;}\">\n\t\t\t\t\t\t<div class=\"elementor-container elementor-column-gap-default\">\n\t\t\t\t\t<div class=\"elementor-column elementor-col-100 elementor-inner-column elementor-element elementor-element-dc44a39\" data-id=\"dc44a39\" data-element_type=\"column\" data-e-type=\"column\">\n\t\t\t<div class=\"elementor-widget-wrap elementor-element-populated\">\n\t\t\t\t\t\t<div class=\"elementor-element elementor-element-dd4ee65 elementor-widget elementor-widget-heading\" data-id=\"dd4ee65\" data-element_type=\"widget\" data-e-type=\"widget\" data-widget_type=\"heading.default\">\n\t\t\t\t<div class=\"elementor-widget-container\">\n\t\t\t\t\t<h1 class=\"elementor-heading-title elementor-size-large\">PERSONNES A MOBILIT\u00c9 REDUITE<\/h1>\t\t\t\t<\/div>\n\t\t\t\t<\/div>\n\t\t\t\t\t<\/div>\n\t\t<\/div>\n\t\t\t\t\t<\/div>\n\t\t<\/section>\n\t\t\t\t<section class=\"elementor-section elementor-inner-section elementor-element elementor-element-dc565b9 elementor-section-boxed elementor-section-height-default elementor-section-height-default\" data-id=\"dc565b9\" data-element_type=\"section\" data-e-type=\"section\">\n\t\t\t\t\t\t<div class=\"elementor-container elementor-column-gap-default\">\n\t\t\t\t\t<div class=\"elementor-column elementor-col-100 elementor-inner-column elementor-element elementor-element-57886e9\" data-id=\"57886e9\" data-element_type=\"column\" data-e-type=\"column\">\n\t\t\t<div class=\"elementor-widget-wrap elementor-element-populated\">\n\t\t\t\t\t\t<div class=\"elementor-element elementor-element-ada2944 elementor-widget elementor-widget-text-editor\" data-id=\"ada2944\" data-element_type=\"widget\" data-e-type=\"widget\" data-widget_type=\"text-editor.default\">\n\t\t\t\t<div class=\"elementor-widget-container\">\n\t\t\t\t\t\t\t\t\t<p>Royal Elec est expert dans la transformation de votre habitat pour l\u2019adapter \u00e0 une situation de mobilit\u00e9 r\u00e9duite.  Nous repensons totalement l\u2019am\u00e9nagement ou le r\u00e9am\u00e9nagement  de votre int\u00e9rieur. Salles de bain, sanitaires et cuisines sont install\u00e9s de mani\u00e8re accessible, confortable et s\u00e9curis\u00e9e gr\u00e2ce au professionnalisme de nos \u00e9quipes.<\/p><p>\u2028Pensez \u00e9galement \u00e0 faire appel \u00e0 Royal Elec pour la mise aux normes de vos logements locatifs.<\/p>\t\t\t\t\t\t\t\t<\/div>\n\t\t\t\t<\/div>\n\t\t\t\t\t<\/div>\n\t\t<\/div>\n\t\t\t\t\t<\/div>\n\t\t<\/section>\n\t\t\t\t<section class=\"elementor-section elementor-inner-section elementor-element elementor-element-03dfc9f elementor-section-boxed elementor-section-height-default elementor-section-height-default\" data-id=\"03dfc9f\" data-element_type=\"section\" data-e-type=\"section\" data-settings=\"{&quot;background_background&quot;:&quot;classic&quot;}\">\n\t\t\t\t\t\t<div class=\"elementor-container elementor-column-gap-default\">\n\t\t\t\t\t<div class=\"elementor-column elementor-col-100 elementor-inner-column elementor-element elementor-element-08ab794\" data-id=\"08ab794\" data-element_type=\"column\" data-e-type=\"column\" data-settings=\"{&quot;background_background&quot;:&quot;classic&quot;}\">\n\t\t\t<div class=\"elementor-widget-wrap elementor-element-populated\">\n\t\t\t\t\t\t<div class=\"elementor-element elementor-element-36d3667 elementor-widget elementor-widget-heading\" data-id=\"36d3667\" data-element_type=\"widget\" data-e-type=\"widget\" data-widget_type=\"heading.default\">\n\t\t\t\t<div class=\"elementor-widget-container\">\n\t\t\t\t\t<h2 class=\"elementor-heading-title elementor-size-xl\">Nos atouts<\/h2>\t\t\t\t<\/div>\n\t\t\t\t<\/div>\n\t\t\t\t<div class=\"elementor-element elementor-element-e84e0da elementor-align-start elementor-icon-list--layout-traditional elementor-list-item-link-full_width elementor-widget elementor-widget-icon-list\" data-id=\"e84e0da\" data-element_type=\"widget\" data-e-type=\"widget\" data-widget_type=\"icon-list.default\">\n\t\t\t\t<div class=\"elementor-widget-container\">\n\t\t\t\t\t\t\t<ul class=\"elementor-icon-list-items\">\n\t\t\t\t\t\t\t<li class=\"elementor-icon-list-item\">\n\t\t\t\t\t\t\t\t\t\t\t<span class=\"elementor-icon-list-icon\">\n\t\t\t\t\t\t\t\t\t\t\t\t\t\t\t\t<i class=\"fa fa-check\" aria-hidden=\"true\"><\/i>\n\t\t\t\t\t\t\t\t\t\t\t\t\t<\/span>\n\t\t\t\t\t\t\t\t\t\t<span class=\"elementor-icon-list-text\">Royal Elec vous accompagne pour la constitution de vos dossiers de demande d\u2019aides financi\u00e8res<\/span>\n\t\t\t\t\t\t\t\t\t<\/li>\n\t\t\t\t\t\t\t\t<li class=\"elementor-icon-list-item\">\n\t\t\t\t\t\t\t\t\t\t\t<span class=\"elementor-icon-list-icon\">\n\t\t\t\t\t\t\t\t\t\t\t\t\t\t\t\t<i class=\"fa fa-check\" aria-hidden=\"true\"><\/i>\n\t\t\t\t\t\t\t\t\t\t\t\t\t<\/span>\n\t\t\t\t\t\t\t\t\t\t<span class=\"elementor-icon-list-text\">B\u00e9n\u00e9ficiez du cr\u00e9dit d\u2019imp\u00f4ts<\/span>\n\t\t\t\t\t\t\t\t\t<\/li>\n\t\t\t\t\t\t\t\t<li class=\"elementor-icon-list-item\">\n\t\t\t\t\t\t\t\t\t\t\t<span class=\"elementor-icon-list-icon\">\n\t\t\t\t\t\t\t\t\t\t\t\t\t\t\t\t<i class=\"fa fa-check\" aria-hidden=\"true\"><\/i>\n\t\t\t\t\t\t\t\t\t\t\t\t\t<\/span>\n\t\t\t\t\t\t\t\t\t\t<span class=\"elementor-icon-list-text\">TVA r\u00e9duite<\/span>\n\t\t\t\t\t\t\t\t\t<\/li>\n\t\t\t\t\t\t\t\t<li class=\"elementor-icon-list-item\">\n\t\t\t\t\t\t\t\t\t\t\t<span class=\"elementor-icon-list-icon\">\n\t\t\t\t\t\t\t\t\t\t\t\t\t\t\t\t<i class=\"fa fa-check\" aria-hidden=\"true\"><\/i>\n\t\t\t\t\t\t\t\t\t\t\t\t\t<\/span>\n\t\t\t\t\t\t\t\t\t\t<span class=\"elementor-icon-list-text\">Respect des normes pour mise en location<\/span>\n\t\t\t\t\t\t\t\t\t<\/li>\n\t\t\t\t\t\t<\/ul>\n\t\t\t\t\t\t<\/div>\n\t\t\t\t<\/div>\n\t\t\t\t\t<\/div>\n\t\t<\/div>\n\t\t\t\t\t<\/div>\n\t\t<\/section>\n\t\t\t\t\t<\/div>\n\t\t<\/div>\n\t\t\t\t\t<\/div>\n\t\t<\/section>\n\t\t\t\t<\/div>\n\t\t","protected":false},"excerpt":{"rendered":"<p>PERSONNES A MOBILIT\u00c9 REDUITE Royal Elec est expert dans la transformation de votre habitat pour l\u2019adapter \u00e0 une situation de mobilit\u00e9 r\u00e9duite. Nous repensons totalement l\u2019am\u00e9nagement ou le r\u00e9am\u00e9nagement de votre int\u00e9rieur. Salles de bain, sanitaires et cuisines sont install\u00e9s de mani\u00e8re accessible, confortable et s\u00e9curis\u00e9e gr\u00e2ce au professionnalisme de nos \u00e9quipes. Pensez \u00e9galement \u00e0 &hellip; <\/p>\n<p class=\"link-more\"><a href=\"https:\/\/www.royal-elec.fr\/index.php\/plomberie\/personne-a-mobilite-reduite\/\" class=\"more-link\">Continuer la lecture<span class=\"screen-reader-text\"> de &laquo;&nbsp;Personnes \u00e0 mobilit\u00e9 r\u00e9duite&nbsp;&raquo;<\/span><\/a><\/p>\n","protected":false},"author":1,"featured_media":0,"parent":18,"menu_order":2,"comment_status":"closed","ping_status":"closed","template":"elementor_header_footer","meta":{"footnotes":""},"class_list":["post-38","page","type-page","status-publish","hentry"],"yoast_head":"<!-- This site is optimized with the Yoast SEO plugin v27.3 - https:\/\/yoast.com\/product\/yoast-seo-wordpress\/ -->\n<title>Personnes \u00e0 mobilit\u00e9 r\u00e9duite - ROYAL ELEC personne \u00e0 mobilit\u00e9 r\u00e9duite<\/title>\n<meta name=\"description\" content=\"Royal Elec est expert dans la transformation de votre habitat pour l\u2019adapter \u00e0 une situation de mobilit\u00e9 r\u00e9duite. Nous repensons totalement l\u2019am\u00e9nagement...\" \/>\n<meta name=\"robots\" content=\"index, follow, max-snippet:-1, max-image-preview:large, max-video-preview:-1\" \/>\n<link rel=\"canonical\" href=\"https:\/\/www.royal-elec.fr\/index.php\/plomberie\/personne-a-mobilite-reduite\/\" \/>\n<meta property=\"og:locale\" content=\"fr_FR\" \/>\n<meta property=\"og:type\" content=\"article\" \/>\n<meta property=\"og:title\" content=\"Personnes \u00e0 mobilit\u00e9 r\u00e9duite - ROYAL ELEC personne \u00e0 mobilit\u00e9 r\u00e9duite\" \/>\n<meta property=\"og:description\" content=\"Royal Elec est expert dans la transformation de votre habitat pour l\u2019adapter \u00e0 une situation de mobilit\u00e9 r\u00e9duite. Nous repensons totalement l\u2019am\u00e9nagement...\" \/>\n<meta property=\"og:url\" content=\"https:\/\/www.royal-elec.fr\/index.php\/plomberie\/personne-a-mobilite-reduite\/\" \/>\n<meta property=\"og:site_name\" content=\"ROYAL ELEC\" \/>\n<meta property=\"article:publisher\" content=\"https:\/\/www.facebook.com\/profile.php?id=100064052384444\" \/>\n<meta property=\"article:modified_time\" content=\"2019-06-24T12:21:44+00:00\" \/>\n<meta property=\"og:image\" content=\"https:\/\/www.royal-elec.fr\/wp-content\/uploads\/2023\/11\/service-royal-elec.jpg\" \/>\n\t<meta property=\"og:image:width\" content=\"1140\" \/>\n\t<meta property=\"og:image:height\" content=\"400\" \/>\n\t<meta property=\"og:image:type\" content=\"image\/jpeg\" \/>\n<meta name=\"twitter:card\" content=\"summary_large_image\" \/>\n<meta name=\"twitter:label1\" content=\"Dur\u00e9e de lecture estim\u00e9e\" \/>\n\t<meta name=\"twitter:data1\" content=\"1 minute\" \/>\n<script type=\"application\/ld+json\" class=\"yoast-schema-graph\">{\"@context\":\"https:\\\/\\\/schema.org\",\"@graph\":[{\"@type\":\"WebPage\",\"@id\":\"https:\\\/\\\/www.royal-elec.fr\\\/index.php\\\/plomberie\\\/personne-a-mobilite-reduite\\\/\",\"url\":\"https:\\\/\\\/www.royal-elec.fr\\\/index.php\\\/plomberie\\\/personne-a-mobilite-reduite\\\/\",\"name\":\"Personnes \u00e0 mobilit\u00e9 r\u00e9duite - ROYAL ELEC personne \u00e0 mobilit\u00e9 r\u00e9duite\",\"isPartOf\":{\"@id\":\"https:\\\/\\\/www.royal-elec.fr\\\/#website\"},\"datePublished\":\"2019-04-18T20:23:57+00:00\",\"dateModified\":\"2019-06-24T12:21:44+00:00\",\"description\":\"Royal Elec est expert dans la transformation de votre habitat pour l\u2019adapter \u00e0 une situation de mobilit\u00e9 r\u00e9duite. Nous repensons totalement l\u2019am\u00e9nagement...\",\"breadcrumb\":{\"@id\":\"https:\\\/\\\/www.royal-elec.fr\\\/index.php\\\/plomberie\\\/personne-a-mobilite-reduite\\\/#breadcrumb\"},\"inLanguage\":\"fr-FR\",\"potentialAction\":[{\"@type\":\"ReadAction\",\"target\":[\"https:\\\/\\\/www.royal-elec.fr\\\/index.php\\\/plomberie\\\/personne-a-mobilite-reduite\\\/\"]}]},{\"@type\":\"BreadcrumbList\",\"@id\":\"https:\\\/\\\/www.royal-elec.fr\\\/index.php\\\/plomberie\\\/personne-a-mobilite-reduite\\\/#breadcrumb\",\"itemListElement\":[{\"@type\":\"ListItem\",\"position\":1,\"name\":\"Accueil\",\"item\":\"https:\\\/\\\/www.royal-elec.fr\\\/\"},{\"@type\":\"ListItem\",\"position\":2,\"name\":\"Plomberie\",\"item\":\"https:\\\/\\\/www.royal-elec.fr\\\/index.php\\\/plomberie\\\/\"},{\"@type\":\"ListItem\",\"position\":3,\"name\":\"Personnes \u00e0 mobilit\u00e9 r\u00e9duite\"}]},{\"@type\":\"WebSite\",\"@id\":\"https:\\\/\\\/www.royal-elec.fr\\\/#website\",\"url\":\"https:\\\/\\\/www.royal-elec.fr\\\/\",\"name\":\"ROYAL ELEC\",\"description\":\"Electricit\u00e9, plomberie, chauffage, panneaux photovolta\u00efques en Charente-Maritime\",\"publisher\":{\"@id\":\"https:\\\/\\\/www.royal-elec.fr\\\/#organization\"},\"alternateName\":\"ROYAL ELEC\",\"potentialAction\":[{\"@type\":\"SearchAction\",\"target\":{\"@type\":\"EntryPoint\",\"urlTemplate\":\"https:\\\/\\\/www.royal-elec.fr\\\/?s={search_term_string}\"},\"query-input\":{\"@type\":\"PropertyValueSpecification\",\"valueRequired\":true,\"valueName\":\"search_term_string\"}}],\"inLanguage\":\"fr-FR\"},{\"@type\":\"Organization\",\"@id\":\"https:\\\/\\\/www.royal-elec.fr\\\/#organization\",\"name\":\"Royal Elec\",\"url\":\"https:\\\/\\\/www.royal-elec.fr\\\/\",\"logo\":{\"@type\":\"ImageObject\",\"inLanguage\":\"fr-FR\",\"@id\":\"https:\\\/\\\/www.royal-elec.fr\\\/#\\\/schema\\\/logo\\\/image\\\/\",\"url\":\"https:\\\/\\\/www.royal-elec.fr\\\/wp-content\\\/uploads\\\/2019\\\/06\\\/royal-elec-favicon.jpg\",\"contentUrl\":\"https:\\\/\\\/www.royal-elec.fr\\\/wp-content\\\/uploads\\\/2019\\\/06\\\/royal-elec-favicon.jpg\",\"width\":512,\"height\":512,\"caption\":\"Royal Elec\"},\"image\":{\"@id\":\"https:\\\/\\\/www.royal-elec.fr\\\/#\\\/schema\\\/logo\\\/image\\\/\"},\"sameAs\":[\"https:\\\/\\\/www.facebook.com\\\/profile.php?id=100064052384444\"]}]}<\/script>\n<!-- \/ Yoast SEO plugin. -->","yoast_head_json":{"title":"Personnes \u00e0 mobilit\u00e9 r\u00e9duite - ROYAL ELEC personne \u00e0 mobilit\u00e9 r\u00e9duite","description":"Royal Elec est expert dans la transformation de votre habitat pour l\u2019adapter \u00e0 une situation de mobilit\u00e9 r\u00e9duite. Nous repensons totalement l\u2019am\u00e9nagement...","robots":{"index":"index","follow":"follow","max-snippet":"max-snippet:-1","max-image-preview":"max-image-preview:large","max-video-preview":"max-video-preview:-1"},"canonical":"https:\/\/www.royal-elec.fr\/index.php\/plomberie\/personne-a-mobilite-reduite\/","og_locale":"fr_FR","og_type":"article","og_title":"Personnes \u00e0 mobilit\u00e9 r\u00e9duite - ROYAL ELEC personne \u00e0 mobilit\u00e9 r\u00e9duite","og_description":"Royal Elec est expert dans la transformation de votre habitat pour l\u2019adapter \u00e0 une situation de mobilit\u00e9 r\u00e9duite. Nous repensons totalement l\u2019am\u00e9nagement...","og_url":"https:\/\/www.royal-elec.fr\/index.php\/plomberie\/personne-a-mobilite-reduite\/","og_site_name":"ROYAL ELEC","article_publisher":"https:\/\/www.facebook.com\/profile.php?id=100064052384444","article_modified_time":"2019-06-24T12:21:44+00:00","og_image":[{"width":1140,"height":400,"url":"https:\/\/www.royal-elec.fr\/wp-content\/uploads\/2023\/11\/service-royal-elec.jpg","type":"image\/jpeg"}],"twitter_card":"summary_large_image","twitter_misc":{"Dur\u00e9e de lecture estim\u00e9e":"1 minute"},"schema":{"@context":"https:\/\/schema.org","@graph":[{"@type":"WebPage","@id":"https:\/\/www.royal-elec.fr\/index.php\/plomberie\/personne-a-mobilite-reduite\/","url":"https:\/\/www.royal-elec.fr\/index.php\/plomberie\/personne-a-mobilite-reduite\/","name":"Personnes \u00e0 mobilit\u00e9 r\u00e9duite - ROYAL ELEC personne \u00e0 mobilit\u00e9 r\u00e9duite","isPartOf":{"@id":"https:\/\/www.royal-elec.fr\/#website"},"datePublished":"2019-04-18T20:23:57+00:00","dateModified":"2019-06-24T12:21:44+00:00","description":"Royal Elec est expert dans la transformation de votre habitat pour l\u2019adapter \u00e0 une situation de mobilit\u00e9 r\u00e9duite. Nous repensons totalement l\u2019am\u00e9nagement...","breadcrumb":{"@id":"https:\/\/www.royal-elec.fr\/index.php\/plomberie\/personne-a-mobilite-reduite\/#breadcrumb"},"inLanguage":"fr-FR","potentialAction":[{"@type":"ReadAction","target":["https:\/\/www.royal-elec.fr\/index.php\/plomberie\/personne-a-mobilite-reduite\/"]}]},{"@type":"BreadcrumbList","@id":"https:\/\/www.royal-elec.fr\/index.php\/plomberie\/personne-a-mobilite-reduite\/#breadcrumb","itemListElement":[{"@type":"ListItem","position":1,"name":"Accueil","item":"https:\/\/www.royal-elec.fr\/"},{"@type":"ListItem","position":2,"name":"Plomberie","item":"https:\/\/www.royal-elec.fr\/index.php\/plomberie\/"},{"@type":"ListItem","position":3,"name":"Personnes \u00e0 mobilit\u00e9 r\u00e9duite"}]},{"@type":"WebSite","@id":"https:\/\/www.royal-elec.fr\/#website","url":"https:\/\/www.royal-elec.fr\/","name":"ROYAL ELEC","description":"Electricit\u00e9, plomberie, chauffage, panneaux photovolta\u00efques en Charente-Maritime","publisher":{"@id":"https:\/\/www.royal-elec.fr\/#organization"},"alternateName":"ROYAL ELEC","potentialAction":[{"@type":"SearchAction","target":{"@type":"EntryPoint","urlTemplate":"https:\/\/www.royal-elec.fr\/?s={search_term_string}"},"query-input":{"@type":"PropertyValueSpecification","valueRequired":true,"valueName":"search_term_string"}}],"inLanguage":"fr-FR"},{"@type":"Organization","@id":"https:\/\/www.royal-elec.fr\/#organization","name":"Royal Elec","url":"https:\/\/www.royal-elec.fr\/","logo":{"@type":"ImageObject","inLanguage":"fr-FR","@id":"https:\/\/www.royal-elec.fr\/#\/schema\/logo\/image\/","url":"https:\/\/www.royal-elec.fr\/wp-content\/uploads\/2019\/06\/royal-elec-favicon.jpg","contentUrl":"https:\/\/www.royal-elec.fr\/wp-content\/uploads\/2019\/06\/royal-elec-favicon.jpg","width":512,"height":512,"caption":"Royal Elec"},"image":{"@id":"https:\/\/www.royal-elec.fr\/#\/schema\/logo\/image\/"},"sameAs":["https:\/\/www.facebook.com\/profile.php?id=100064052384444"]}]}},"_links":{"self":[{"href":"https:\/\/www.royal-elec.fr\/index.php\/wp-json\/wp\/v2\/pages\/38","targetHints":{"allow":["GET"]}}],"collection":[{"href":"https:\/\/www.royal-elec.fr\/index.php\/wp-json\/wp\/v2\/pages"}],"about":[{"href":"https:\/\/www.royal-elec.fr\/index.php\/wp-json\/wp\/v2\/types\/page"}],"author":[{"embeddable":true,"href":"https:\/\/www.royal-elec.fr\/index.php\/wp-json\/wp\/v2\/users\/1"}],"replies":[{"embeddable":true,"href":"https:\/\/www.royal-elec.fr\/index.php\/wp-json\/wp\/v2\/comments?post=38"}],"version-history":[{"count":9,"href":"https:\/\/www.royal-elec.fr\/index.php\/wp-json\/wp\/v2\/pages\/38\/revisions"}],"predecessor-version":[{"id":480,"href":"https:\/\/www.royal-elec.fr\/index.php\/wp-json\/wp\/v2\/pages\/38\/revisions\/480"}],"up":[{"embeddable":true,"href":"https:\/\/www.royal-elec.fr\/index.php\/wp-json\/wp\/v2\/pages\/18"}],"wp:attachment":[{"href":"https:\/\/www.royal-elec.fr\/index.php\/wp-json\/wp\/v2\/media?parent=38"}],"curies":[{"name":"wp","href":"https:\/\/api.w.org\/{rel}","templated":true}]}}