{"id":36,"date":"2019-04-18T20:21:27","date_gmt":"2019-04-18T20:21:27","guid":{"rendered":"https:\/\/www.royal-elec.fr\/?page_id=36"},"modified":"2019-06-24T12:20:33","modified_gmt":"2019-06-24T12:20:33","slug":"salles-de-bain","status":"publish","type":"page","link":"https:\/\/www.royal-elec.fr\/index.php\/plomberie\/salles-de-bain\/","title":{"rendered":"Salles de bain"},"content":{"rendered":"\t\t<div data-elementor-type=\"wp-post\" data-elementor-id=\"36\" class=\"elementor elementor-36\" data-elementor-post-type=\"page\">\n\t\t\t\t\t\t<section class=\"elementor-section elementor-top-section elementor-element elementor-element-eff1741 elementor-section-full_width elementor-section-height-default elementor-section-height-default\" data-id=\"eff1741\" data-element_type=\"section\" data-e-type=\"section\">\n\t\t\t\t\t\t<div class=\"elementor-container elementor-column-gap-no\">\n\t\t\t\t\t<div class=\"elementor-column elementor-col-100 elementor-top-column elementor-element elementor-element-a17bc1e\" data-id=\"a17bc1e\" data-element_type=\"column\" data-e-type=\"column\">\n\t\t\t<div class=\"elementor-widget-wrap elementor-element-populated\">\n\t\t\t\t\t\t<section class=\"elementor-section elementor-inner-section elementor-element elementor-element-8cd3bd8 elementor-section-full_width elementor-section-height-default elementor-section-height-default\" data-id=\"8cd3bd8\" data-element_type=\"section\" data-e-type=\"section\" data-settings=\"{&quot;background_background&quot;:&quot;classic&quot;}\">\n\t\t\t\t\t\t<div class=\"elementor-container elementor-column-gap-default\">\n\t\t\t\t\t<div class=\"elementor-column elementor-col-100 elementor-inner-column elementor-element elementor-element-6f33148\" data-id=\"6f33148\" data-element_type=\"column\" data-e-type=\"column\">\n\t\t\t<div class=\"elementor-widget-wrap elementor-element-populated\">\n\t\t\t\t\t\t<div class=\"elementor-element elementor-element-1a1d11f elementor-widget elementor-widget-heading\" data-id=\"1a1d11f\" data-element_type=\"widget\" data-e-type=\"widget\" data-widget_type=\"heading.default\">\n\t\t\t\t<div class=\"elementor-widget-container\">\n\t\t\t\t\t<h1 class=\"elementor-heading-title elementor-size-large\">SALLE DE BAIN<\/h1>\t\t\t\t<\/div>\n\t\t\t\t<\/div>\n\t\t\t\t\t<\/div>\n\t\t<\/div>\n\t\t\t\t\t<\/div>\n\t\t<\/section>\n\t\t\t\t<section class=\"elementor-section elementor-inner-section elementor-element elementor-element-f6fe930 elementor-section-boxed elementor-section-height-default elementor-section-height-default\" data-id=\"f6fe930\" data-element_type=\"section\" data-e-type=\"section\">\n\t\t\t\t\t\t<div class=\"elementor-container elementor-column-gap-no\">\n\t\t\t\t\t<div class=\"elementor-column elementor-col-100 elementor-inner-column elementor-element elementor-element-7fe5ad2\" data-id=\"7fe5ad2\" data-element_type=\"column\" data-e-type=\"column\">\n\t\t\t<div class=\"elementor-widget-wrap elementor-element-populated\">\n\t\t\t\t\t\t<div class=\"elementor-element elementor-element-c0c7d69 elementor-widget elementor-widget-image\" data-id=\"c0c7d69\" data-element_type=\"widget\" data-e-type=\"widget\" data-settings=\"{&quot;motion_fx_motion_fx_mouse&quot;:&quot;yes&quot;}\" data-widget_type=\"image.default\">\n\t\t\t\t<div class=\"elementor-widget-container\">\n\t\t\t\t\t\t\t\t\t\t\t\t\t\t\t<img fetchpriority=\"high\" decoding=\"async\" width=\"1140\" height=\"400\" src=\"https:\/\/www.royal-elec.fr\/wp-content\/uploads\/2019\/06\/5-salle-de-bain.jpg\" class=\"attachment-full size-full wp-image-380\" alt=\"salle-de-bain\" srcset=\"https:\/\/www.royal-elec.fr\/wp-content\/uploads\/2019\/06\/5-salle-de-bain.jpg 1140w, https:\/\/www.royal-elec.fr\/wp-content\/uploads\/2019\/06\/5-salle-de-bain-300x105.jpg 300w, https:\/\/www.royal-elec.fr\/wp-content\/uploads\/2019\/06\/5-salle-de-bain-768x269.jpg 768w, https:\/\/www.royal-elec.fr\/wp-content\/uploads\/2019\/06\/5-salle-de-bain-1024x359.jpg 1024w\" sizes=\"100vw\" \/>\t\t\t\t\t\t\t\t\t\t\t\t\t\t\t<\/div>\n\t\t\t\t<\/div>\n\t\t\t\t\t<\/div>\n\t\t<\/div>\n\t\t\t\t\t<\/div>\n\t\t<\/section>\n\t\t\t\t<section class=\"elementor-section elementor-inner-section elementor-element elementor-element-db9101b elementor-section-boxed elementor-section-height-default elementor-section-height-default\" data-id=\"db9101b\" data-element_type=\"section\" data-e-type=\"section\">\n\t\t\t\t\t\t<div class=\"elementor-container elementor-column-gap-default\">\n\t\t\t\t\t<div class=\"elementor-column elementor-col-100 elementor-inner-column elementor-element elementor-element-8c99a18\" data-id=\"8c99a18\" data-element_type=\"column\" data-e-type=\"column\">\n\t\t\t<div class=\"elementor-widget-wrap elementor-element-populated\">\n\t\t\t\t\t\t<div class=\"elementor-element elementor-element-4c3db23 elementor-widget elementor-widget-text-editor\" data-id=\"4c3db23\" data-element_type=\"widget\" data-e-type=\"widget\" data-widget_type=\"text-editor.default\">\n\t\t\t\t<div class=\"elementor-widget-container\">\n\t\t\t\t\t\t\t\t\t<p>Royal Elec est sp\u00e9cialiste pour la r\u00e9alisation ou la transformation de salle de bain. Apr\u00e8s avoir fait votre choix parmi une large gamme de produits aux designs vari\u00e9s, nous posons et raccordons vos lavabos, baignoires et douches. Vos anciens bacs \u00e0 douche sont remplac\u00e9s \u00e0 votre demande par des receveurs extra-plats.<\/p><p>Nous sommes comp\u00e9tents pour installer vos meubles de salle de bain, et poser les parois de douche ou bain qui prot\u00e9gerons votre pi\u00e8ce des \u00e9claboussures.<\/p><p>\u2028Royal Elec se charge \u00e9galement de vos indispensables sanitaires et lave-mains.<\/p>\t\t\t\t\t\t\t\t<\/div>\n\t\t\t\t<\/div>\n\t\t\t\t\t<\/div>\n\t\t<\/div>\n\t\t\t\t\t<\/div>\n\t\t<\/section>\n\t\t\t\t<section class=\"elementor-section elementor-inner-section elementor-element elementor-element-c010d00 elementor-section-boxed elementor-section-height-default elementor-section-height-default\" data-id=\"c010d00\" data-element_type=\"section\" data-e-type=\"section\" data-settings=\"{&quot;background_background&quot;:&quot;classic&quot;}\">\n\t\t\t\t\t\t<div class=\"elementor-container elementor-column-gap-default\">\n\t\t\t\t\t<div class=\"elementor-column elementor-col-100 elementor-inner-column elementor-element elementor-element-9c16a02\" data-id=\"9c16a02\" data-element_type=\"column\" data-e-type=\"column\" data-settings=\"{&quot;background_background&quot;:&quot;classic&quot;}\">\n\t\t\t<div class=\"elementor-widget-wrap elementor-element-populated\">\n\t\t\t\t\t\t<div class=\"elementor-element elementor-element-1d1cac8 elementor-widget elementor-widget-heading\" data-id=\"1d1cac8\" data-element_type=\"widget\" data-e-type=\"widget\" data-widget_type=\"heading.default\">\n\t\t\t\t<div class=\"elementor-widget-container\">\n\t\t\t\t\t<h2 class=\"elementor-heading-title elementor-size-xl\">Nos atouts<\/h2>\t\t\t\t<\/div>\n\t\t\t\t<\/div>\n\t\t\t\t<div class=\"elementor-element elementor-element-0633a70 elementor-align-start elementor-icon-list--layout-traditional elementor-list-item-link-full_width elementor-widget elementor-widget-icon-list\" data-id=\"0633a70\" data-element_type=\"widget\" data-e-type=\"widget\" data-widget_type=\"icon-list.default\">\n\t\t\t\t<div class=\"elementor-widget-container\">\n\t\t\t\t\t\t\t<ul class=\"elementor-icon-list-items\">\n\t\t\t\t\t\t\t<li class=\"elementor-icon-list-item\">\n\t\t\t\t\t\t\t\t\t\t\t<span class=\"elementor-icon-list-icon\">\n\t\t\t\t\t\t\t\t\t\t\t\t\t\t\t\t<i class=\"fa fa-check\" aria-hidden=\"true\"><\/i>\n\t\t\t\t\t\t\t\t\t\t\t\t\t<\/span>\n\t\t\t\t\t\t\t\t\t\t<span class=\"elementor-icon-list-text\">R\u00e9alisation ou transformation de vos pi\u00e8ces d\u2019eau<\/span>\n\t\t\t\t\t\t\t\t\t<\/li>\n\t\t\t\t\t\t\t\t<li class=\"elementor-icon-list-item\">\n\t\t\t\t\t\t\t\t\t\t\t<span class=\"elementor-icon-list-icon\">\n\t\t\t\t\t\t\t\t\t\t\t\t\t\t\t\t<i class=\"fa fa-check\" aria-hidden=\"true\"><\/i>\n\t\t\t\t\t\t\t\t\t\t\t\t\t<\/span>\n\t\t\t\t\t\t\t\t\t\t<span class=\"elementor-icon-list-text\">Particuliers et Professionnels (public ou priv\u00e9)<\/span>\n\t\t\t\t\t\t\t\t\t<\/li>\n\t\t\t\t\t\t<\/ul>\n\t\t\t\t\t\t<\/div>\n\t\t\t\t<\/div>\n\t\t\t\t\t<\/div>\n\t\t<\/div>\n\t\t\t\t\t<\/div>\n\t\t<\/section>\n\t\t\t\t<section class=\"elementor-section elementor-inner-section elementor-element elementor-element-fb7eadc elementor-section-boxed elementor-section-height-default elementor-section-height-default\" data-id=\"fb7eadc\" data-element_type=\"section\" data-e-type=\"section\">\n\t\t\t\t\t\t<div class=\"elementor-container elementor-column-gap-default\">\n\t\t\t\t\t<div class=\"elementor-column elementor-col-100 elementor-inner-column elementor-element elementor-element-a6e0b4b\" data-id=\"a6e0b4b\" data-element_type=\"column\" data-e-type=\"column\">\n\t\t\t<div class=\"elementor-widget-wrap elementor-element-populated\">\n\t\t\t\t\t\t<div class=\"elementor-element elementor-element-68a26e6 elementor-view-default elementor-widget elementor-widget-icon\" data-id=\"68a26e6\" data-element_type=\"widget\" data-e-type=\"widget\" data-widget_type=\"icon.default\">\n\t\t\t\t<div class=\"elementor-widget-container\">\n\t\t\t\t\t\t\t<div class=\"elementor-icon-wrapper\">\n\t\t\t<div class=\"elementor-icon\">\n\t\t\t<i aria-hidden=\"true\" class=\"fas fa-star\"><\/i>\t\t\t<\/div>\n\t\t<\/div>\n\t\t\t\t\t\t<\/div>\n\t\t\t\t<\/div>\n\t\t\t\t<div class=\"elementor-element elementor-element-9c0250a elementor-widget elementor-widget-heading\" data-id=\"9c0250a\" data-element_type=\"widget\" data-e-type=\"widget\" data-widget_type=\"heading.default\">\n\t\t\t\t<div class=\"elementor-widget-container\">\n\t\t\t\t\t<h2 class=\"elementor-heading-title elementor-size-xl\">Nos Marques<\/h2>\t\t\t\t<\/div>\n\t\t\t\t<\/div>\n\t\t\t\t\t<\/div>\n\t\t<\/div>\n\t\t\t\t\t<\/div>\n\t\t<\/section>\n\t\t\t\t<section class=\"elementor-section elementor-inner-section elementor-element elementor-element-c58a146 elementor-section-boxed elementor-section-height-default elementor-section-height-default\" data-id=\"c58a146\" data-element_type=\"section\" data-e-type=\"section\">\n\t\t\t\t\t\t<div class=\"elementor-container elementor-column-gap-default\">\n\t\t\t\t\t<div class=\"elementor-column elementor-col-50 elementor-inner-column elementor-element elementor-element-babddbc\" data-id=\"babddbc\" data-element_type=\"column\" data-e-type=\"column\">\n\t\t\t<div class=\"elementor-widget-wrap elementor-element-populated\">\n\t\t\t\t\t\t<div class=\"elementor-element elementor-element-71c1ec1 elementor-widget elementor-widget-image\" data-id=\"71c1ec1\" data-element_type=\"widget\" data-e-type=\"widget\" data-widget_type=\"image.default\">\n\t\t\t\t<div class=\"elementor-widget-container\">\n\t\t\t\t\t\t\t\t\t\t\t\t\t\t\t\t<a href=\"https:\/\/www.alterna-energie.fr\" target=\"_blank\">\n\t\t\t\t\t\t\t<img decoding=\"async\" width=\"500\" height=\"120\" src=\"https:\/\/www.royal-elec.fr\/wp-content\/uploads\/2019\/06\/alterna.jpg\" class=\"attachment-full size-full wp-image-403\" alt=\"alterna\" srcset=\"https:\/\/www.royal-elec.fr\/wp-content\/uploads\/2019\/06\/alterna.jpg 500w, https:\/\/www.royal-elec.fr\/wp-content\/uploads\/2019\/06\/alterna-300x72.jpg 300w\" sizes=\"100vw\" \/>\t\t\t\t\t\t\t\t<\/a>\n\t\t\t\t\t\t\t\t\t\t\t\t\t\t\t<\/div>\n\t\t\t\t<\/div>\n\t\t\t\t\t<\/div>\n\t\t<\/div>\n\t\t\t\t<div class=\"elementor-column elementor-col-50 elementor-inner-column elementor-element elementor-element-f1389e7\" data-id=\"f1389e7\" data-element_type=\"column\" data-e-type=\"column\">\n\t\t\t<div class=\"elementor-widget-wrap elementor-element-populated\">\n\t\t\t\t\t\t<div class=\"elementor-element elementor-element-45d33b8 elementor-widget elementor-widget-image\" data-id=\"45d33b8\" data-element_type=\"widget\" data-e-type=\"widget\" data-widget_type=\"image.default\">\n\t\t\t\t<div class=\"elementor-widget-container\">\n\t\t\t\t\t\t\t\t\t\t\t\t\t\t\t\t<a href=\"https:\/\/www.jacobdelafon.fr\" target=\"_blank\">\n\t\t\t\t\t\t\t<img decoding=\"async\" width=\"500\" height=\"120\" src=\"https:\/\/www.royal-elec.fr\/wp-content\/uploads\/2019\/06\/jacob-delafon.jpg\" class=\"attachment-full size-full wp-image-410\" alt=\"jacob-delafon\" srcset=\"https:\/\/www.royal-elec.fr\/wp-content\/uploads\/2019\/06\/jacob-delafon.jpg 500w, https:\/\/www.royal-elec.fr\/wp-content\/uploads\/2019\/06\/jacob-delafon-300x72.jpg 300w\" sizes=\"100vw\" \/>\t\t\t\t\t\t\t\t<\/a>\n\t\t\t\t\t\t\t\t\t\t\t\t\t\t\t<\/div>\n\t\t\t\t<\/div>\n\t\t\t\t\t<\/div>\n\t\t<\/div>\n\t\t\t\t\t<\/div>\n\t\t<\/section>\n\t\t\t\t<div class=\"elementor-element elementor-element-5cec7bd elementor-widget elementor-widget-spacer\" data-id=\"5cec7bd\" data-element_type=\"widget\" data-e-type=\"widget\" data-widget_type=\"spacer.default\">\n\t\t\t\t<div class=\"elementor-widget-container\">\n\t\t\t\t\t\t\t<div class=\"elementor-spacer\">\n\t\t\t<div class=\"elementor-spacer-inner\"><\/div>\n\t\t<\/div>\n\t\t\t\t\t\t<\/div>\n\t\t\t\t<\/div>\n\t\t\t\t\t<\/div>\n\t\t<\/div>\n\t\t\t\t\t<\/div>\n\t\t<\/section>\n\t\t\t\t<\/div>\n\t\t","protected":false},"excerpt":{"rendered":"<p>SALLE DE BAIN Royal Elec est sp\u00e9cialiste pour la r\u00e9alisation ou la transformation de salle de bain. Apr\u00e8s avoir fait votre choix parmi une large gamme de produits aux designs vari\u00e9s, nous posons et raccordons vos lavabos, baignoires et douches. Vos anciens bacs \u00e0 douche sont remplac\u00e9s \u00e0 votre demande par des receveurs extra-plats. Nous &hellip; <\/p>\n<p class=\"link-more\"><a href=\"https:\/\/www.royal-elec.fr\/index.php\/plomberie\/salles-de-bain\/\" class=\"more-link\">Continuer la lecture<span class=\"screen-reader-text\"> de &laquo;&nbsp;Salles de bain&nbsp;&raquo;<\/span><\/a><\/p>\n","protected":false},"author":1,"featured_media":0,"parent":18,"menu_order":1,"comment_status":"closed","ping_status":"closed","template":"elementor_header_footer","meta":{"footnotes":""},"class_list":["post-36","page","type-page","status-publish","hentry"],"yoast_head":"<!-- This site is optimized with the Yoast SEO plugin v27.3 - https:\/\/yoast.com\/product\/yoast-seo-wordpress\/ -->\n<title>Salles de bain - ROYAL ELEC salle de bain lavabo baignoire douche<\/title>\n<meta name=\"description\" content=\"Royal Elec est sp\u00e9cialiste pour la r\u00e9alisation ou la transformation de salle de bain. Nous posons et raccordons vos lavabos, baignoires et douches...\" \/>\n<meta name=\"robots\" content=\"index, follow, max-snippet:-1, max-image-preview:large, max-video-preview:-1\" \/>\n<link rel=\"canonical\" href=\"https:\/\/www.royal-elec.fr\/index.php\/plomberie\/salles-de-bain\/\" \/>\n<meta property=\"og:locale\" content=\"fr_FR\" \/>\n<meta property=\"og:type\" content=\"article\" \/>\n<meta property=\"og:title\" content=\"Salles de bain - ROYAL ELEC salle de bain lavabo baignoire douche\" \/>\n<meta property=\"og:description\" content=\"Royal Elec est sp\u00e9cialiste pour la r\u00e9alisation ou la transformation de salle de bain. Nous posons et raccordons vos lavabos, baignoires et douches...\" \/>\n<meta property=\"og:url\" content=\"https:\/\/www.royal-elec.fr\/index.php\/plomberie\/salles-de-bain\/\" \/>\n<meta property=\"og:site_name\" content=\"ROYAL ELEC\" \/>\n<meta property=\"article:publisher\" content=\"https:\/\/www.facebook.com\/profile.php?id=100064052384444\" \/>\n<meta property=\"article:modified_time\" content=\"2019-06-24T12:20:33+00:00\" \/>\n<meta property=\"og:image\" content=\"https:\/\/www.royal-elec.fr\/wp-content\/uploads\/2019\/06\/5-salle-de-bain.jpg\" \/>\n<meta name=\"twitter:card\" content=\"summary_large_image\" \/>\n<meta name=\"twitter:label1\" content=\"Dur\u00e9e de lecture estim\u00e9e\" \/>\n\t<meta name=\"twitter:data1\" content=\"1 minute\" \/>\n<script type=\"application\/ld+json\" class=\"yoast-schema-graph\">{\"@context\":\"https:\\\/\\\/schema.org\",\"@graph\":[{\"@type\":\"WebPage\",\"@id\":\"https:\\\/\\\/www.royal-elec.fr\\\/index.php\\\/plomberie\\\/salles-de-bain\\\/\",\"url\":\"https:\\\/\\\/www.royal-elec.fr\\\/index.php\\\/plomberie\\\/salles-de-bain\\\/\",\"name\":\"Salles de bain - ROYAL ELEC salle de bain lavabo baignoire douche\",\"isPartOf\":{\"@id\":\"https:\\\/\\\/www.royal-elec.fr\\\/#website\"},\"primaryImageOfPage\":{\"@id\":\"https:\\\/\\\/www.royal-elec.fr\\\/index.php\\\/plomberie\\\/salles-de-bain\\\/#primaryimage\"},\"image\":{\"@id\":\"https:\\\/\\\/www.royal-elec.fr\\\/index.php\\\/plomberie\\\/salles-de-bain\\\/#primaryimage\"},\"thumbnailUrl\":\"https:\\\/\\\/www.royal-elec.fr\\\/wp-content\\\/uploads\\\/2019\\\/06\\\/5-salle-de-bain.jpg\",\"datePublished\":\"2019-04-18T20:21:27+00:00\",\"dateModified\":\"2019-06-24T12:20:33+00:00\",\"description\":\"Royal Elec est sp\u00e9cialiste pour la r\u00e9alisation ou la transformation de salle de bain. Nous posons et raccordons vos lavabos, baignoires et douches...\",\"breadcrumb\":{\"@id\":\"https:\\\/\\\/www.royal-elec.fr\\\/index.php\\\/plomberie\\\/salles-de-bain\\\/#breadcrumb\"},\"inLanguage\":\"fr-FR\",\"potentialAction\":[{\"@type\":\"ReadAction\",\"target\":[\"https:\\\/\\\/www.royal-elec.fr\\\/index.php\\\/plomberie\\\/salles-de-bain\\\/\"]}]},{\"@type\":\"ImageObject\",\"inLanguage\":\"fr-FR\",\"@id\":\"https:\\\/\\\/www.royal-elec.fr\\\/index.php\\\/plomberie\\\/salles-de-bain\\\/#primaryimage\",\"url\":\"https:\\\/\\\/www.royal-elec.fr\\\/wp-content\\\/uploads\\\/2019\\\/06\\\/5-salle-de-bain.jpg\",\"contentUrl\":\"https:\\\/\\\/www.royal-elec.fr\\\/wp-content\\\/uploads\\\/2019\\\/06\\\/5-salle-de-bain.jpg\",\"width\":1140,\"height\":400,\"caption\":\"salle-de-bain\"},{\"@type\":\"BreadcrumbList\",\"@id\":\"https:\\\/\\\/www.royal-elec.fr\\\/index.php\\\/plomberie\\\/salles-de-bain\\\/#breadcrumb\",\"itemListElement\":[{\"@type\":\"ListItem\",\"position\":1,\"name\":\"Accueil\",\"item\":\"https:\\\/\\\/www.royal-elec.fr\\\/\"},{\"@type\":\"ListItem\",\"position\":2,\"name\":\"Plomberie\",\"item\":\"https:\\\/\\\/www.royal-elec.fr\\\/index.php\\\/plomberie\\\/\"},{\"@type\":\"ListItem\",\"position\":3,\"name\":\"Salles de bain\"}]},{\"@type\":\"WebSite\",\"@id\":\"https:\\\/\\\/www.royal-elec.fr\\\/#website\",\"url\":\"https:\\\/\\\/www.royal-elec.fr\\\/\",\"name\":\"ROYAL ELEC\",\"description\":\"Electricit\u00e9, plomberie, chauffage, panneaux photovolta\u00efques en Charente-Maritime\",\"publisher\":{\"@id\":\"https:\\\/\\\/www.royal-elec.fr\\\/#organization\"},\"alternateName\":\"ROYAL ELEC\",\"potentialAction\":[{\"@type\":\"SearchAction\",\"target\":{\"@type\":\"EntryPoint\",\"urlTemplate\":\"https:\\\/\\\/www.royal-elec.fr\\\/?s={search_term_string}\"},\"query-input\":{\"@type\":\"PropertyValueSpecification\",\"valueRequired\":true,\"valueName\":\"search_term_string\"}}],\"inLanguage\":\"fr-FR\"},{\"@type\":\"Organization\",\"@id\":\"https:\\\/\\\/www.royal-elec.fr\\\/#organization\",\"name\":\"Royal Elec\",\"url\":\"https:\\\/\\\/www.royal-elec.fr\\\/\",\"logo\":{\"@type\":\"ImageObject\",\"inLanguage\":\"fr-FR\",\"@id\":\"https:\\\/\\\/www.royal-elec.fr\\\/#\\\/schema\\\/logo\\\/image\\\/\",\"url\":\"https:\\\/\\\/www.royal-elec.fr\\\/wp-content\\\/uploads\\\/2019\\\/06\\\/royal-elec-favicon.jpg\",\"contentUrl\":\"https:\\\/\\\/www.royal-elec.fr\\\/wp-content\\\/uploads\\\/2019\\\/06\\\/royal-elec-favicon.jpg\",\"width\":512,\"height\":512,\"caption\":\"Royal Elec\"},\"image\":{\"@id\":\"https:\\\/\\\/www.royal-elec.fr\\\/#\\\/schema\\\/logo\\\/image\\\/\"},\"sameAs\":[\"https:\\\/\\\/www.facebook.com\\\/profile.php?id=100064052384444\"]}]}<\/script>\n<!-- \/ Yoast SEO plugin. -->","yoast_head_json":{"title":"Salles de bain - ROYAL ELEC salle de bain lavabo baignoire douche","description":"Royal Elec est sp\u00e9cialiste pour la r\u00e9alisation ou la transformation de salle de bain. Nous posons et raccordons vos lavabos, baignoires et douches...","robots":{"index":"index","follow":"follow","max-snippet":"max-snippet:-1","max-image-preview":"max-image-preview:large","max-video-preview":"max-video-preview:-1"},"canonical":"https:\/\/www.royal-elec.fr\/index.php\/plomberie\/salles-de-bain\/","og_locale":"fr_FR","og_type":"article","og_title":"Salles de bain - ROYAL ELEC salle de bain lavabo baignoire douche","og_description":"Royal Elec est sp\u00e9cialiste pour la r\u00e9alisation ou la transformation de salle de bain. Nous posons et raccordons vos lavabos, baignoires et douches...","og_url":"https:\/\/www.royal-elec.fr\/index.php\/plomberie\/salles-de-bain\/","og_site_name":"ROYAL ELEC","article_publisher":"https:\/\/www.facebook.com\/profile.php?id=100064052384444","article_modified_time":"2019-06-24T12:20:33+00:00","og_image":[{"url":"https:\/\/www.royal-elec.fr\/wp-content\/uploads\/2019\/06\/5-salle-de-bain.jpg","type":"","width":"","height":""}],"twitter_card":"summary_large_image","twitter_misc":{"Dur\u00e9e de lecture estim\u00e9e":"1 minute"},"schema":{"@context":"https:\/\/schema.org","@graph":[{"@type":"WebPage","@id":"https:\/\/www.royal-elec.fr\/index.php\/plomberie\/salles-de-bain\/","url":"https:\/\/www.royal-elec.fr\/index.php\/plomberie\/salles-de-bain\/","name":"Salles de bain - ROYAL ELEC salle de bain lavabo baignoire douche","isPartOf":{"@id":"https:\/\/www.royal-elec.fr\/#website"},"primaryImageOfPage":{"@id":"https:\/\/www.royal-elec.fr\/index.php\/plomberie\/salles-de-bain\/#primaryimage"},"image":{"@id":"https:\/\/www.royal-elec.fr\/index.php\/plomberie\/salles-de-bain\/#primaryimage"},"thumbnailUrl":"https:\/\/www.royal-elec.fr\/wp-content\/uploads\/2019\/06\/5-salle-de-bain.jpg","datePublished":"2019-04-18T20:21:27+00:00","dateModified":"2019-06-24T12:20:33+00:00","description":"Royal Elec est sp\u00e9cialiste pour la r\u00e9alisation ou la transformation de salle de bain. Nous posons et raccordons vos lavabos, baignoires et douches...","breadcrumb":{"@id":"https:\/\/www.royal-elec.fr\/index.php\/plomberie\/salles-de-bain\/#breadcrumb"},"inLanguage":"fr-FR","potentialAction":[{"@type":"ReadAction","target":["https:\/\/www.royal-elec.fr\/index.php\/plomberie\/salles-de-bain\/"]}]},{"@type":"ImageObject","inLanguage":"fr-FR","@id":"https:\/\/www.royal-elec.fr\/index.php\/plomberie\/salles-de-bain\/#primaryimage","url":"https:\/\/www.royal-elec.fr\/wp-content\/uploads\/2019\/06\/5-salle-de-bain.jpg","contentUrl":"https:\/\/www.royal-elec.fr\/wp-content\/uploads\/2019\/06\/5-salle-de-bain.jpg","width":1140,"height":400,"caption":"salle-de-bain"},{"@type":"BreadcrumbList","@id":"https:\/\/www.royal-elec.fr\/index.php\/plomberie\/salles-de-bain\/#breadcrumb","itemListElement":[{"@type":"ListItem","position":1,"name":"Accueil","item":"https:\/\/www.royal-elec.fr\/"},{"@type":"ListItem","position":2,"name":"Plomberie","item":"https:\/\/www.royal-elec.fr\/index.php\/plomberie\/"},{"@type":"ListItem","position":3,"name":"Salles de bain"}]},{"@type":"WebSite","@id":"https:\/\/www.royal-elec.fr\/#website","url":"https:\/\/www.royal-elec.fr\/","name":"ROYAL ELEC","description":"Electricit\u00e9, plomberie, chauffage, panneaux photovolta\u00efques en Charente-Maritime","publisher":{"@id":"https:\/\/www.royal-elec.fr\/#organization"},"alternateName":"ROYAL ELEC","potentialAction":[{"@type":"SearchAction","target":{"@type":"EntryPoint","urlTemplate":"https:\/\/www.royal-elec.fr\/?s={search_term_string}"},"query-input":{"@type":"PropertyValueSpecification","valueRequired":true,"valueName":"search_term_string"}}],"inLanguage":"fr-FR"},{"@type":"Organization","@id":"https:\/\/www.royal-elec.fr\/#organization","name":"Royal Elec","url":"https:\/\/www.royal-elec.fr\/","logo":{"@type":"ImageObject","inLanguage":"fr-FR","@id":"https:\/\/www.royal-elec.fr\/#\/schema\/logo\/image\/","url":"https:\/\/www.royal-elec.fr\/wp-content\/uploads\/2019\/06\/royal-elec-favicon.jpg","contentUrl":"https:\/\/www.royal-elec.fr\/wp-content\/uploads\/2019\/06\/royal-elec-favicon.jpg","width":512,"height":512,"caption":"Royal Elec"},"image":{"@id":"https:\/\/www.royal-elec.fr\/#\/schema\/logo\/image\/"},"sameAs":["https:\/\/www.facebook.com\/profile.php?id=100064052384444"]}]}},"_links":{"self":[{"href":"https:\/\/www.royal-elec.fr\/index.php\/wp-json\/wp\/v2\/pages\/36","targetHints":{"allow":["GET"]}}],"collection":[{"href":"https:\/\/www.royal-elec.fr\/index.php\/wp-json\/wp\/v2\/pages"}],"about":[{"href":"https:\/\/www.royal-elec.fr\/index.php\/wp-json\/wp\/v2\/types\/page"}],"author":[{"embeddable":true,"href":"https:\/\/www.royal-elec.fr\/index.php\/wp-json\/wp\/v2\/users\/1"}],"replies":[{"embeddable":true,"href":"https:\/\/www.royal-elec.fr\/index.php\/wp-json\/wp\/v2\/comments?post=36"}],"version-history":[{"count":11,"href":"https:\/\/www.royal-elec.fr\/index.php\/wp-json\/wp\/v2\/pages\/36\/revisions"}],"predecessor-version":[{"id":479,"href":"https:\/\/www.royal-elec.fr\/index.php\/wp-json\/wp\/v2\/pages\/36\/revisions\/479"}],"up":[{"embeddable":true,"href":"https:\/\/www.royal-elec.fr\/index.php\/wp-json\/wp\/v2\/pages\/18"}],"wp:attachment":[{"href":"https:\/\/www.royal-elec.fr\/index.php\/wp-json\/wp\/v2\/media?parent=36"}],"curies":[{"name":"wp","href":"https:\/\/api.w.org\/{rel}","templated":true}]}}