{"id":34,"date":"2019-04-18T20:20:31","date_gmt":"2019-04-18T20:20:31","guid":{"rendered":"https:\/\/www.royal-elec.fr\/?page_id=34"},"modified":"2019-06-24T12:19:07","modified_gmt":"2019-06-24T12:19:07","slug":"plomberie-generale","status":"publish","type":"page","link":"https:\/\/www.royal-elec.fr\/index.php\/plomberie\/plomberie-generale\/","title":{"rendered":"Plomberie G\u00e9n\u00e9rale"},"content":{"rendered":"\t\t<div data-elementor-type=\"wp-post\" data-elementor-id=\"34\" class=\"elementor elementor-34\" data-elementor-post-type=\"page\">\n\t\t\t\t\t\t<section class=\"elementor-section elementor-top-section elementor-element elementor-element-f2152a1 elementor-section-full_width elementor-section-height-default elementor-section-height-default\" data-id=\"f2152a1\" data-element_type=\"section\" data-e-type=\"section\">\n\t\t\t\t\t\t<div class=\"elementor-container elementor-column-gap-no\">\n\t\t\t\t\t<div class=\"elementor-column elementor-col-100 elementor-top-column elementor-element elementor-element-6f99606\" data-id=\"6f99606\" data-element_type=\"column\" data-e-type=\"column\">\n\t\t\t<div class=\"elementor-widget-wrap elementor-element-populated\">\n\t\t\t\t\t\t<section class=\"elementor-section elementor-inner-section elementor-element elementor-element-83618e3 elementor-section-full_width elementor-section-height-default elementor-section-height-default\" data-id=\"83618e3\" data-element_type=\"section\" data-e-type=\"section\" data-settings=\"{&quot;background_background&quot;:&quot;classic&quot;}\">\n\t\t\t\t\t\t<div class=\"elementor-container elementor-column-gap-default\">\n\t\t\t\t\t<div class=\"elementor-column elementor-col-100 elementor-inner-column elementor-element elementor-element-875fc0d\" data-id=\"875fc0d\" data-element_type=\"column\" data-e-type=\"column\">\n\t\t\t<div class=\"elementor-widget-wrap elementor-element-populated\">\n\t\t\t\t\t\t<div class=\"elementor-element elementor-element-c8c2939 elementor-widget elementor-widget-heading\" data-id=\"c8c2939\" data-element_type=\"widget\" data-e-type=\"widget\" data-widget_type=\"heading.default\">\n\t\t\t\t<div class=\"elementor-widget-container\">\n\t\t\t\t\t<h1 class=\"elementor-heading-title elementor-size-large\">PLOMBERIE G\u00c9N\u00c9RALE<\/h1>\t\t\t\t<\/div>\n\t\t\t\t<\/div>\n\t\t\t\t\t<\/div>\n\t\t<\/div>\n\t\t\t\t\t<\/div>\n\t\t<\/section>\n\t\t\t\t<section class=\"elementor-section elementor-inner-section elementor-element elementor-element-6de477a elementor-section-boxed elementor-section-height-default elementor-section-height-default\" data-id=\"6de477a\" data-element_type=\"section\" data-e-type=\"section\">\n\t\t\t\t\t\t<div class=\"elementor-container elementor-column-gap-no\">\n\t\t\t\t\t<div class=\"elementor-column elementor-col-100 elementor-inner-column elementor-element elementor-element-614ea1a\" data-id=\"614ea1a\" data-element_type=\"column\" data-e-type=\"column\">\n\t\t\t<div class=\"elementor-widget-wrap elementor-element-populated\">\n\t\t\t\t\t\t<div class=\"elementor-element elementor-element-a37d0dd elementor-widget elementor-widget-image\" data-id=\"a37d0dd\" data-element_type=\"widget\" data-e-type=\"widget\" data-settings=\"{&quot;motion_fx_motion_fx_mouse&quot;:&quot;yes&quot;}\" data-widget_type=\"image.default\">\n\t\t\t\t<div class=\"elementor-widget-container\">\n\t\t\t\t\t\t\t\t\t\t\t\t\t\t\t<img fetchpriority=\"high\" decoding=\"async\" width=\"1140\" height=\"400\" src=\"https:\/\/www.royal-elec.fr\/wp-content\/uploads\/2019\/06\/4-plomberie-ge\u0301ne\u0301rale.jpg\" class=\"attachment-full size-full wp-image-379\" alt=\"plomberie-ge\u0301ne\u0301rale\" srcset=\"https:\/\/www.royal-elec.fr\/wp-content\/uploads\/2019\/06\/4-plomberie-ge\u0301ne\u0301rale.jpg 1140w, https:\/\/www.royal-elec.fr\/wp-content\/uploads\/2019\/06\/4-plomberie-ge\u0301ne\u0301rale-300x105.jpg 300w, https:\/\/www.royal-elec.fr\/wp-content\/uploads\/2019\/06\/4-plomberie-ge\u0301ne\u0301rale-768x269.jpg 768w, https:\/\/www.royal-elec.fr\/wp-content\/uploads\/2019\/06\/4-plomberie-ge\u0301ne\u0301rale-1024x359.jpg 1024w\" sizes=\"100vw\" \/>\t\t\t\t\t\t\t\t\t\t\t\t\t\t\t<\/div>\n\t\t\t\t<\/div>\n\t\t\t\t\t<\/div>\n\t\t<\/div>\n\t\t\t\t\t<\/div>\n\t\t<\/section>\n\t\t\t\t<section class=\"elementor-section elementor-inner-section elementor-element elementor-element-98f081e elementor-section-boxed elementor-section-height-default elementor-section-height-default\" data-id=\"98f081e\" data-element_type=\"section\" data-e-type=\"section\">\n\t\t\t\t\t\t<div class=\"elementor-container elementor-column-gap-default\">\n\t\t\t\t\t<div class=\"elementor-column elementor-col-100 elementor-inner-column elementor-element elementor-element-a254253\" data-id=\"a254253\" data-element_type=\"column\" data-e-type=\"column\">\n\t\t\t<div class=\"elementor-widget-wrap elementor-element-populated\">\n\t\t\t\t\t\t<div class=\"elementor-element elementor-element-1c2bc84 elementor-widget elementor-widget-text-editor\" data-id=\"1c2bc84\" data-element_type=\"widget\" data-e-type=\"widget\" data-widget_type=\"text-editor.default\">\n\t\t\t\t<div class=\"elementor-widget-container\">\n\t\t\t\t\t\t\t\t\t<p>Nous sommes comp\u00e9tents pour vous fournir et installer la totalit\u00e9 des \u00e9l\u00e9ments de plomberie de votre maison ou espace professionnel. Nous travaillons avec des marques qualitatives des mat\u00e9riaux d\u2019alimentation \u00e0 la robinetterie, en passant par la petite plomberie. Royal Elec s\u2019occupe de poser et raccorder vos \u00e9viers. Faites confiance \u00e9galement \u00e0 nos plombiers professionnels pour vos vidanges.<\/p>\t\t\t\t\t\t\t\t<\/div>\n\t\t\t\t<\/div>\n\t\t\t\t\t<\/div>\n\t\t<\/div>\n\t\t\t\t\t<\/div>\n\t\t<\/section>\n\t\t\t\t<section class=\"elementor-section elementor-inner-section elementor-element elementor-element-512b9fd elementor-section-boxed elementor-section-height-default elementor-section-height-default\" data-id=\"512b9fd\" data-element_type=\"section\" data-e-type=\"section\" data-settings=\"{&quot;background_background&quot;:&quot;classic&quot;}\">\n\t\t\t\t\t\t<div class=\"elementor-container elementor-column-gap-default\">\n\t\t\t\t\t<div class=\"elementor-column elementor-col-100 elementor-inner-column elementor-element elementor-element-f6851f7\" data-id=\"f6851f7\" data-element_type=\"column\" data-e-type=\"column\" data-settings=\"{&quot;background_background&quot;:&quot;classic&quot;}\">\n\t\t\t<div class=\"elementor-widget-wrap elementor-element-populated\">\n\t\t\t\t\t\t<div class=\"elementor-element elementor-element-682b639 elementor-widget elementor-widget-heading\" data-id=\"682b639\" data-element_type=\"widget\" data-e-type=\"widget\" data-widget_type=\"heading.default\">\n\t\t\t\t<div class=\"elementor-widget-container\">\n\t\t\t\t\t<h2 class=\"elementor-heading-title elementor-size-xl\">Nos atouts<\/h2>\t\t\t\t<\/div>\n\t\t\t\t<\/div>\n\t\t\t\t<div class=\"elementor-element elementor-element-81d6a83 elementor-align-start elementor-icon-list--layout-traditional elementor-list-item-link-full_width elementor-widget elementor-widget-icon-list\" data-id=\"81d6a83\" data-element_type=\"widget\" data-e-type=\"widget\" data-widget_type=\"icon-list.default\">\n\t\t\t\t<div class=\"elementor-widget-container\">\n\t\t\t\t\t\t\t<ul class=\"elementor-icon-list-items\">\n\t\t\t\t\t\t\t<li class=\"elementor-icon-list-item\">\n\t\t\t\t\t\t\t\t\t\t\t<span class=\"elementor-icon-list-icon\">\n\t\t\t\t\t\t\t\t\t\t\t\t\t\t\t\t<i class=\"fa fa-check\" aria-hidden=\"true\"><\/i>\n\t\t\t\t\t\t\t\t\t\t\t\t\t<\/span>\n\t\t\t\t\t\t\t\t\t\t<span class=\"elementor-icon-list-text\">Fournitures de produits qualitatifs de marques reconnues<\/span>\n\t\t\t\t\t\t\t\t\t<\/li>\n\t\t\t\t\t\t\t\t<li class=\"elementor-icon-list-item\">\n\t\t\t\t\t\t\t\t\t\t\t<span class=\"elementor-icon-list-icon\">\n\t\t\t\t\t\t\t\t\t\t\t\t\t\t\t\t<i class=\"fa fa-check\" aria-hidden=\"true\"><\/i>\n\t\t\t\t\t\t\t\t\t\t\t\t\t<\/span>\n\t\t\t\t\t\t\t\t\t\t<span class=\"elementor-icon-list-text\">Installation ou d\u00e9pannage<\/span>\n\t\t\t\t\t\t\t\t\t<\/li>\n\t\t\t\t\t\t\t\t<li class=\"elementor-icon-list-item\">\n\t\t\t\t\t\t\t\t\t\t\t<span class=\"elementor-icon-list-icon\">\n\t\t\t\t\t\t\t\t\t\t\t\t\t\t\t\t<i class=\"fa fa-check\" aria-hidden=\"true\"><\/i>\n\t\t\t\t\t\t\t\t\t\t\t\t\t<\/span>\n\t\t\t\t\t\t\t\t\t\t<span class=\"elementor-icon-list-text\">Particuliers et Professionnels (public ou priv\u00e9)<\/span>\n\t\t\t\t\t\t\t\t\t<\/li>\n\t\t\t\t\t\t<\/ul>\n\t\t\t\t\t\t<\/div>\n\t\t\t\t<\/div>\n\t\t\t\t\t<\/div>\n\t\t<\/div>\n\t\t\t\t\t<\/div>\n\t\t<\/section>\n\t\t\t\t<section class=\"elementor-section elementor-inner-section elementor-element elementor-element-9c739ee elementor-section-boxed elementor-section-height-default elementor-section-height-default\" data-id=\"9c739ee\" data-element_type=\"section\" data-e-type=\"section\">\n\t\t\t\t\t\t<div class=\"elementor-container elementor-column-gap-default\">\n\t\t\t\t\t<div class=\"elementor-column elementor-col-100 elementor-inner-column elementor-element elementor-element-e945b9e\" data-id=\"e945b9e\" data-element_type=\"column\" data-e-type=\"column\">\n\t\t\t<div class=\"elementor-widget-wrap elementor-element-populated\">\n\t\t\t\t\t\t<div class=\"elementor-element elementor-element-64c4e22 elementor-view-default elementor-widget elementor-widget-icon\" data-id=\"64c4e22\" data-element_type=\"widget\" data-e-type=\"widget\" data-widget_type=\"icon.default\">\n\t\t\t\t<div class=\"elementor-widget-container\">\n\t\t\t\t\t\t\t<div class=\"elementor-icon-wrapper\">\n\t\t\t<div class=\"elementor-icon\">\n\t\t\t<i aria-hidden=\"true\" class=\"fas fa-star\"><\/i>\t\t\t<\/div>\n\t\t<\/div>\n\t\t\t\t\t\t<\/div>\n\t\t\t\t<\/div>\n\t\t\t\t<div class=\"elementor-element elementor-element-71febbf elementor-widget elementor-widget-heading\" data-id=\"71febbf\" data-element_type=\"widget\" data-e-type=\"widget\" data-widget_type=\"heading.default\">\n\t\t\t\t<div class=\"elementor-widget-container\">\n\t\t\t\t\t<h2 class=\"elementor-heading-title elementor-size-xl\">Nos Marques<\/h2>\t\t\t\t<\/div>\n\t\t\t\t<\/div>\n\t\t\t\t\t<\/div>\n\t\t<\/div>\n\t\t\t\t\t<\/div>\n\t\t<\/section>\n\t\t\t\t<section class=\"elementor-section elementor-inner-section elementor-element elementor-element-da6fab2 elementor-section-boxed elementor-section-height-default elementor-section-height-default\" data-id=\"da6fab2\" data-element_type=\"section\" data-e-type=\"section\">\n\t\t\t\t\t\t<div class=\"elementor-container elementor-column-gap-default\">\n\t\t\t\t\t<div class=\"elementor-column elementor-col-50 elementor-inner-column elementor-element elementor-element-8aaed3d\" data-id=\"8aaed3d\" data-element_type=\"column\" data-e-type=\"column\">\n\t\t\t<div class=\"elementor-widget-wrap elementor-element-populated\">\n\t\t\t\t\t\t<div class=\"elementor-element elementor-element-18cd7ef elementor-widget elementor-widget-image\" data-id=\"18cd7ef\" data-element_type=\"widget\" data-e-type=\"widget\" data-widget_type=\"image.default\">\n\t\t\t\t<div class=\"elementor-widget-container\">\n\t\t\t\t\t\t\t\t\t\t\t\t\t\t\t\t<a href=\"https:\/\/www.grohe.fr\" target=\"_blank\">\n\t\t\t\t\t\t\t<img decoding=\"async\" width=\"500\" height=\"120\" src=\"https:\/\/www.royal-elec.fr\/wp-content\/uploads\/2019\/06\/grohe.jpg\" class=\"attachment-full size-full wp-image-408\" alt=\"grohe\" srcset=\"https:\/\/www.royal-elec.fr\/wp-content\/uploads\/2019\/06\/grohe.jpg 500w, https:\/\/www.royal-elec.fr\/wp-content\/uploads\/2019\/06\/grohe-300x72.jpg 300w\" sizes=\"100vw\" \/>\t\t\t\t\t\t\t\t<\/a>\n\t\t\t\t\t\t\t\t\t\t\t\t\t\t\t<\/div>\n\t\t\t\t<\/div>\n\t\t\t\t\t<\/div>\n\t\t<\/div>\n\t\t\t\t<div class=\"elementor-column elementor-col-50 elementor-inner-column elementor-element elementor-element-ebeed37\" data-id=\"ebeed37\" data-element_type=\"column\" data-e-type=\"column\">\n\t\t\t<div class=\"elementor-widget-wrap elementor-element-populated\">\n\t\t\t\t\t\t<div class=\"elementor-element elementor-element-ec07401 elementor-widget elementor-widget-image\" data-id=\"ec07401\" data-element_type=\"widget\" data-e-type=\"widget\" data-widget_type=\"image.default\">\n\t\t\t\t<div class=\"elementor-widget-container\">\n\t\t\t\t\t\t\t\t\t\t\t\t\t\t\t\t<a href=\"https:\/\/www.jacobdelafon.fr\/\" target=\"_blank\">\n\t\t\t\t\t\t\t<img decoding=\"async\" width=\"500\" height=\"120\" src=\"https:\/\/www.royal-elec.fr\/wp-content\/uploads\/2019\/06\/jacob-delafon.jpg\" class=\"attachment-full size-full wp-image-410\" alt=\"jacob-delafon\" srcset=\"https:\/\/www.royal-elec.fr\/wp-content\/uploads\/2019\/06\/jacob-delafon.jpg 500w, https:\/\/www.royal-elec.fr\/wp-content\/uploads\/2019\/06\/jacob-delafon-300x72.jpg 300w\" sizes=\"100vw\" \/>\t\t\t\t\t\t\t\t<\/a>\n\t\t\t\t\t\t\t\t\t\t\t\t\t\t\t<\/div>\n\t\t\t\t<\/div>\n\t\t\t\t\t<\/div>\n\t\t<\/div>\n\t\t\t\t\t<\/div>\n\t\t<\/section>\n\t\t\t\t<div class=\"elementor-element elementor-element-5584cbb elementor-widget elementor-widget-spacer\" data-id=\"5584cbb\" data-element_type=\"widget\" data-e-type=\"widget\" data-widget_type=\"spacer.default\">\n\t\t\t\t<div class=\"elementor-widget-container\">\n\t\t\t\t\t\t\t<div class=\"elementor-spacer\">\n\t\t\t<div class=\"elementor-spacer-inner\"><\/div>\n\t\t<\/div>\n\t\t\t\t\t\t<\/div>\n\t\t\t\t<\/div>\n\t\t\t\t\t<\/div>\n\t\t<\/div>\n\t\t\t\t\t<\/div>\n\t\t<\/section>\n\t\t\t\t<\/div>\n\t\t","protected":false},"excerpt":{"rendered":"<p>PLOMBERIE G\u00c9N\u00c9RALE Nous sommes comp\u00e9tents pour vous fournir et installer la totalit\u00e9 des \u00e9l\u00e9ments de plomberie de votre maison ou espace professionnel. Nous travaillons avec des marques qualitatives des mat\u00e9riaux d\u2019alimentation \u00e0 la robinetterie, en passant par la petite plomberie. Royal Elec s\u2019occupe de poser et raccorder vos \u00e9viers. Faites confiance \u00e9galement \u00e0 nos plombiers &hellip; <\/p>\n<p class=\"link-more\"><a href=\"https:\/\/www.royal-elec.fr\/index.php\/plomberie\/plomberie-generale\/\" class=\"more-link\">Continuer la lecture<span class=\"screen-reader-text\"> de &laquo;&nbsp;Plomberie G\u00e9n\u00e9rale&nbsp;&raquo;<\/span><\/a><\/p>\n","protected":false},"author":1,"featured_media":0,"parent":18,"menu_order":0,"comment_status":"closed","ping_status":"closed","template":"elementor_header_footer","meta":{"footnotes":""},"class_list":["post-34","page","type-page","status-publish","hentry"],"yoast_head":"<!-- This site is optimized with the Yoast SEO plugin v27.4 - https:\/\/yoast.com\/product\/yoast-seo-wordpress\/ -->\n<title>Plomberie G\u00e9n\u00e9rale - ROYAL ELEC plomberie maison professionnel<\/title>\n<meta name=\"description\" content=\"Nous sommes comp\u00e9tents pour vous fournir et installer la totalit\u00e9 des \u00e9l\u00e9ments de plomberie de votre maison ou espace professionnel...\" \/>\n<meta name=\"robots\" content=\"index, follow, max-snippet:-1, max-image-preview:large, max-video-preview:-1\" \/>\n<link rel=\"canonical\" href=\"https:\/\/www.royal-elec.fr\/index.php\/plomberie\/plomberie-generale\/\" \/>\n<meta property=\"og:locale\" content=\"fr_FR\" \/>\n<meta property=\"og:type\" content=\"article\" \/>\n<meta property=\"og:title\" content=\"Plomberie G\u00e9n\u00e9rale - ROYAL ELEC plomberie maison professionnel\" \/>\n<meta property=\"og:description\" content=\"Nous sommes comp\u00e9tents pour vous fournir et installer la totalit\u00e9 des \u00e9l\u00e9ments de plomberie de votre maison ou espace professionnel...\" \/>\n<meta property=\"og:url\" content=\"https:\/\/www.royal-elec.fr\/index.php\/plomberie\/plomberie-generale\/\" \/>\n<meta property=\"og:site_name\" content=\"ROYAL ELEC\" \/>\n<meta property=\"article:publisher\" content=\"https:\/\/www.facebook.com\/profile.php?id=100064052384444\" \/>\n<meta property=\"article:modified_time\" content=\"2019-06-24T12:19:07+00:00\" \/>\n<meta property=\"og:image\" content=\"https:\/\/www.royal-elec.fr\/wp-content\/uploads\/2019\/06\/4-plomberie-ge\u0301ne\u0301rale.jpg\" \/>\n<meta name=\"twitter:card\" content=\"summary_large_image\" \/>\n<script type=\"application\/ld+json\" class=\"yoast-schema-graph\">{\"@context\":\"https:\\\/\\\/schema.org\",\"@graph\":[{\"@type\":\"WebPage\",\"@id\":\"https:\\\/\\\/www.royal-elec.fr\\\/index.php\\\/plomberie\\\/plomberie-generale\\\/\",\"url\":\"https:\\\/\\\/www.royal-elec.fr\\\/index.php\\\/plomberie\\\/plomberie-generale\\\/\",\"name\":\"Plomberie G\u00e9n\u00e9rale - ROYAL ELEC plomberie maison professionnel\",\"isPartOf\":{\"@id\":\"https:\\\/\\\/www.royal-elec.fr\\\/#website\"},\"primaryImageOfPage\":{\"@id\":\"https:\\\/\\\/www.royal-elec.fr\\\/index.php\\\/plomberie\\\/plomberie-generale\\\/#primaryimage\"},\"image\":{\"@id\":\"https:\\\/\\\/www.royal-elec.fr\\\/index.php\\\/plomberie\\\/plomberie-generale\\\/#primaryimage\"},\"thumbnailUrl\":\"https:\\\/\\\/www.royal-elec.fr\\\/wp-content\\\/uploads\\\/2019\\\/06\\\/grohe.jpg\",\"datePublished\":\"2019-04-18T20:20:31+00:00\",\"dateModified\":\"2019-06-24T12:19:07+00:00\",\"description\":\"Nous sommes comp\u00e9tents pour vous fournir et installer la totalit\u00e9 des \u00e9l\u00e9ments de plomberie de votre maison ou espace professionnel...\",\"breadcrumb\":{\"@id\":\"https:\\\/\\\/www.royal-elec.fr\\\/index.php\\\/plomberie\\\/plomberie-generale\\\/#breadcrumb\"},\"inLanguage\":\"fr-FR\",\"potentialAction\":[{\"@type\":\"ReadAction\",\"target\":[\"https:\\\/\\\/www.royal-elec.fr\\\/index.php\\\/plomberie\\\/plomberie-generale\\\/\"]}]},{\"@type\":\"ImageObject\",\"inLanguage\":\"fr-FR\",\"@id\":\"https:\\\/\\\/www.royal-elec.fr\\\/index.php\\\/plomberie\\\/plomberie-generale\\\/#primaryimage\",\"url\":\"https:\\\/\\\/www.royal-elec.fr\\\/wp-content\\\/uploads\\\/2019\\\/06\\\/grohe.jpg\",\"contentUrl\":\"https:\\\/\\\/www.royal-elec.fr\\\/wp-content\\\/uploads\\\/2019\\\/06\\\/grohe.jpg\",\"width\":500,\"height\":120,\"caption\":\"grohe\"},{\"@type\":\"BreadcrumbList\",\"@id\":\"https:\\\/\\\/www.royal-elec.fr\\\/index.php\\\/plomberie\\\/plomberie-generale\\\/#breadcrumb\",\"itemListElement\":[{\"@type\":\"ListItem\",\"position\":1,\"name\":\"Accueil\",\"item\":\"https:\\\/\\\/www.royal-elec.fr\\\/\"},{\"@type\":\"ListItem\",\"position\":2,\"name\":\"Plomberie\",\"item\":\"https:\\\/\\\/www.royal-elec.fr\\\/index.php\\\/plomberie\\\/\"},{\"@type\":\"ListItem\",\"position\":3,\"name\":\"Plomberie G\u00e9n\u00e9rale\"}]},{\"@type\":\"WebSite\",\"@id\":\"https:\\\/\\\/www.royal-elec.fr\\\/#website\",\"url\":\"https:\\\/\\\/www.royal-elec.fr\\\/\",\"name\":\"ROYAL ELEC\",\"description\":\"Electricit\u00e9, plomberie, chauffage, panneaux photovolta\u00efques en Charente-Maritime\",\"publisher\":{\"@id\":\"https:\\\/\\\/www.royal-elec.fr\\\/#organization\"},\"alternateName\":\"ROYAL ELEC\",\"potentialAction\":[{\"@type\":\"SearchAction\",\"target\":{\"@type\":\"EntryPoint\",\"urlTemplate\":\"https:\\\/\\\/www.royal-elec.fr\\\/?s={search_term_string}\"},\"query-input\":{\"@type\":\"PropertyValueSpecification\",\"valueRequired\":true,\"valueName\":\"search_term_string\"}}],\"inLanguage\":\"fr-FR\"},{\"@type\":\"Organization\",\"@id\":\"https:\\\/\\\/www.royal-elec.fr\\\/#organization\",\"name\":\"Royal Elec\",\"url\":\"https:\\\/\\\/www.royal-elec.fr\\\/\",\"logo\":{\"@type\":\"ImageObject\",\"inLanguage\":\"fr-FR\",\"@id\":\"https:\\\/\\\/www.royal-elec.fr\\\/#\\\/schema\\\/logo\\\/image\\\/\",\"url\":\"https:\\\/\\\/www.royal-elec.fr\\\/wp-content\\\/uploads\\\/2019\\\/06\\\/royal-elec-favicon.jpg\",\"contentUrl\":\"https:\\\/\\\/www.royal-elec.fr\\\/wp-content\\\/uploads\\\/2019\\\/06\\\/royal-elec-favicon.jpg\",\"width\":512,\"height\":512,\"caption\":\"Royal Elec\"},\"image\":{\"@id\":\"https:\\\/\\\/www.royal-elec.fr\\\/#\\\/schema\\\/logo\\\/image\\\/\"},\"sameAs\":[\"https:\\\/\\\/www.facebook.com\\\/profile.php?id=100064052384444\"]}]}<\/script>\n<!-- \/ Yoast SEO plugin. -->","yoast_head_json":{"title":"Plomberie G\u00e9n\u00e9rale - ROYAL ELEC plomberie maison professionnel","description":"Nous sommes comp\u00e9tents pour vous fournir et installer la totalit\u00e9 des \u00e9l\u00e9ments de plomberie de votre maison ou espace professionnel...","robots":{"index":"index","follow":"follow","max-snippet":"max-snippet:-1","max-image-preview":"max-image-preview:large","max-video-preview":"max-video-preview:-1"},"canonical":"https:\/\/www.royal-elec.fr\/index.php\/plomberie\/plomberie-generale\/","og_locale":"fr_FR","og_type":"article","og_title":"Plomberie G\u00e9n\u00e9rale - ROYAL ELEC plomberie maison professionnel","og_description":"Nous sommes comp\u00e9tents pour vous fournir et installer la totalit\u00e9 des \u00e9l\u00e9ments de plomberie de votre maison ou espace professionnel...","og_url":"https:\/\/www.royal-elec.fr\/index.php\/plomberie\/plomberie-generale\/","og_site_name":"ROYAL ELEC","article_publisher":"https:\/\/www.facebook.com\/profile.php?id=100064052384444","article_modified_time":"2019-06-24T12:19:07+00:00","og_image":[{"url":"https:\/\/www.royal-elec.fr\/wp-content\/uploads\/2019\/06\/4-plomberie-ge\u0301ne\u0301rale.jpg","type":"","width":"","height":""}],"twitter_card":"summary_large_image","schema":{"@context":"https:\/\/schema.org","@graph":[{"@type":"WebPage","@id":"https:\/\/www.royal-elec.fr\/index.php\/plomberie\/plomberie-generale\/","url":"https:\/\/www.royal-elec.fr\/index.php\/plomberie\/plomberie-generale\/","name":"Plomberie G\u00e9n\u00e9rale - ROYAL ELEC plomberie maison professionnel","isPartOf":{"@id":"https:\/\/www.royal-elec.fr\/#website"},"primaryImageOfPage":{"@id":"https:\/\/www.royal-elec.fr\/index.php\/plomberie\/plomberie-generale\/#primaryimage"},"image":{"@id":"https:\/\/www.royal-elec.fr\/index.php\/plomberie\/plomberie-generale\/#primaryimage"},"thumbnailUrl":"https:\/\/www.royal-elec.fr\/wp-content\/uploads\/2019\/06\/grohe.jpg","datePublished":"2019-04-18T20:20:31+00:00","dateModified":"2019-06-24T12:19:07+00:00","description":"Nous sommes comp\u00e9tents pour vous fournir et installer la totalit\u00e9 des \u00e9l\u00e9ments de plomberie de votre maison ou espace professionnel...","breadcrumb":{"@id":"https:\/\/www.royal-elec.fr\/index.php\/plomberie\/plomberie-generale\/#breadcrumb"},"inLanguage":"fr-FR","potentialAction":[{"@type":"ReadAction","target":["https:\/\/www.royal-elec.fr\/index.php\/plomberie\/plomberie-generale\/"]}]},{"@type":"ImageObject","inLanguage":"fr-FR","@id":"https:\/\/www.royal-elec.fr\/index.php\/plomberie\/plomberie-generale\/#primaryimage","url":"https:\/\/www.royal-elec.fr\/wp-content\/uploads\/2019\/06\/grohe.jpg","contentUrl":"https:\/\/www.royal-elec.fr\/wp-content\/uploads\/2019\/06\/grohe.jpg","width":500,"height":120,"caption":"grohe"},{"@type":"BreadcrumbList","@id":"https:\/\/www.royal-elec.fr\/index.php\/plomberie\/plomberie-generale\/#breadcrumb","itemListElement":[{"@type":"ListItem","position":1,"name":"Accueil","item":"https:\/\/www.royal-elec.fr\/"},{"@type":"ListItem","position":2,"name":"Plomberie","item":"https:\/\/www.royal-elec.fr\/index.php\/plomberie\/"},{"@type":"ListItem","position":3,"name":"Plomberie G\u00e9n\u00e9rale"}]},{"@type":"WebSite","@id":"https:\/\/www.royal-elec.fr\/#website","url":"https:\/\/www.royal-elec.fr\/","name":"ROYAL ELEC","description":"Electricit\u00e9, plomberie, chauffage, panneaux photovolta\u00efques en Charente-Maritime","publisher":{"@id":"https:\/\/www.royal-elec.fr\/#organization"},"alternateName":"ROYAL ELEC","potentialAction":[{"@type":"SearchAction","target":{"@type":"EntryPoint","urlTemplate":"https:\/\/www.royal-elec.fr\/?s={search_term_string}"},"query-input":{"@type":"PropertyValueSpecification","valueRequired":true,"valueName":"search_term_string"}}],"inLanguage":"fr-FR"},{"@type":"Organization","@id":"https:\/\/www.royal-elec.fr\/#organization","name":"Royal Elec","url":"https:\/\/www.royal-elec.fr\/","logo":{"@type":"ImageObject","inLanguage":"fr-FR","@id":"https:\/\/www.royal-elec.fr\/#\/schema\/logo\/image\/","url":"https:\/\/www.royal-elec.fr\/wp-content\/uploads\/2019\/06\/royal-elec-favicon.jpg","contentUrl":"https:\/\/www.royal-elec.fr\/wp-content\/uploads\/2019\/06\/royal-elec-favicon.jpg","width":512,"height":512,"caption":"Royal Elec"},"image":{"@id":"https:\/\/www.royal-elec.fr\/#\/schema\/logo\/image\/"},"sameAs":["https:\/\/www.facebook.com\/profile.php?id=100064052384444"]}]}},"_links":{"self":[{"href":"https:\/\/www.royal-elec.fr\/index.php\/wp-json\/wp\/v2\/pages\/34","targetHints":{"allow":["GET"]}}],"collection":[{"href":"https:\/\/www.royal-elec.fr\/index.php\/wp-json\/wp\/v2\/pages"}],"about":[{"href":"https:\/\/www.royal-elec.fr\/index.php\/wp-json\/wp\/v2\/types\/page"}],"author":[{"embeddable":true,"href":"https:\/\/www.royal-elec.fr\/index.php\/wp-json\/wp\/v2\/users\/1"}],"replies":[{"embeddable":true,"href":"https:\/\/www.royal-elec.fr\/index.php\/wp-json\/wp\/v2\/comments?post=34"}],"version-history":[{"count":7,"href":"https:\/\/www.royal-elec.fr\/index.php\/wp-json\/wp\/v2\/pages\/34\/revisions"}],"predecessor-version":[{"id":478,"href":"https:\/\/www.royal-elec.fr\/index.php\/wp-json\/wp\/v2\/pages\/34\/revisions\/478"}],"up":[{"embeddable":true,"href":"https:\/\/www.royal-elec.fr\/index.php\/wp-json\/wp\/v2\/pages\/18"}],"wp:attachment":[{"href":"https:\/\/www.royal-elec.fr\/index.php\/wp-json\/wp\/v2\/media?parent=34"}],"curies":[{"name":"wp","href":"https:\/\/api.w.org\/{rel}","templated":true}]}}