{"id":32,"date":"2019-04-18T20:19:51","date_gmt":"2019-04-18T20:19:51","guid":{"rendered":"https:\/\/www.royal-elec.fr\/?page_id=32"},"modified":"2019-06-24T12:17:21","modified_gmt":"2019-06-24T12:17:21","slug":"visiophone","status":"publish","type":"page","link":"https:\/\/www.royal-elec.fr\/index.php\/electricite\/visiophone\/","title":{"rendered":"Visiophone"},"content":{"rendered":"\t\t<div data-elementor-type=\"wp-post\" data-elementor-id=\"32\" class=\"elementor elementor-32\" data-elementor-post-type=\"page\">\n\t\t\t\t\t\t<section class=\"elementor-section elementor-top-section elementor-element elementor-element-b33ba0d elementor-section-full_width elementor-section-height-default elementor-section-height-default\" data-id=\"b33ba0d\" data-element_type=\"section\" data-e-type=\"section\">\n\t\t\t\t\t\t<div class=\"elementor-container elementor-column-gap-no\">\n\t\t\t\t\t<div class=\"elementor-column elementor-col-100 elementor-top-column elementor-element elementor-element-ce4acf6\" data-id=\"ce4acf6\" data-element_type=\"column\" data-e-type=\"column\">\n\t\t\t<div class=\"elementor-widget-wrap elementor-element-populated\">\n\t\t\t\t\t\t<section class=\"elementor-section elementor-inner-section elementor-element elementor-element-5ba3dc4 elementor-section-full_width elementor-section-height-default elementor-section-height-default\" data-id=\"5ba3dc4\" data-element_type=\"section\" data-e-type=\"section\" data-settings=\"{&quot;background_background&quot;:&quot;classic&quot;}\">\n\t\t\t\t\t\t<div class=\"elementor-container elementor-column-gap-default\">\n\t\t\t\t\t<div class=\"elementor-column elementor-col-100 elementor-inner-column elementor-element elementor-element-8af1263\" data-id=\"8af1263\" data-element_type=\"column\" data-e-type=\"column\">\n\t\t\t<div class=\"elementor-widget-wrap elementor-element-populated\">\n\t\t\t\t\t\t<div class=\"elementor-element elementor-element-87d1faa elementor-widget elementor-widget-heading\" data-id=\"87d1faa\" data-element_type=\"widget\" data-e-type=\"widget\" data-widget_type=\"heading.default\">\n\t\t\t\t<div class=\"elementor-widget-container\">\n\t\t\t\t\t<h1 class=\"elementor-heading-title elementor-size-large\">VISIOPHONE<\/h1>\t\t\t\t<\/div>\n\t\t\t\t<\/div>\n\t\t\t\t\t<\/div>\n\t\t<\/div>\n\t\t\t\t\t<\/div>\n\t\t<\/section>\n\t\t\t\t<div class=\"elementor-element elementor-element-32fefa7 elementor-widget elementor-widget-image\" data-id=\"32fefa7\" data-element_type=\"widget\" data-e-type=\"widget\" data-settings=\"{&quot;motion_fx_motion_fx_mouse&quot;:&quot;yes&quot;}\" data-widget_type=\"image.default\">\n\t\t\t\t<div class=\"elementor-widget-container\">\n\t\t\t\t\t\t\t\t\t\t\t\t\t\t\t<img fetchpriority=\"high\" decoding=\"async\" width=\"1140\" height=\"400\" src=\"https:\/\/www.royal-elec.fr\/wp-content\/uploads\/2019\/06\/3-visiophone.jpg\" class=\"attachment-full size-full wp-image-378\" alt=\"visiophone\" srcset=\"https:\/\/www.royal-elec.fr\/wp-content\/uploads\/2019\/06\/3-visiophone.jpg 1140w, https:\/\/www.royal-elec.fr\/wp-content\/uploads\/2019\/06\/3-visiophone-300x105.jpg 300w, https:\/\/www.royal-elec.fr\/wp-content\/uploads\/2019\/06\/3-visiophone-768x269.jpg 768w, https:\/\/www.royal-elec.fr\/wp-content\/uploads\/2019\/06\/3-visiophone-1024x359.jpg 1024w\" sizes=\"100vw\" \/>\t\t\t\t\t\t\t\t\t\t\t\t\t\t\t<\/div>\n\t\t\t\t<\/div>\n\t\t\t\t<section class=\"elementor-section elementor-inner-section elementor-element elementor-element-073b5f6 elementor-section-boxed elementor-section-height-default elementor-section-height-default\" data-id=\"073b5f6\" data-element_type=\"section\" data-e-type=\"section\">\n\t\t\t\t\t\t<div class=\"elementor-container elementor-column-gap-default\">\n\t\t\t\t\t<div class=\"elementor-column elementor-col-100 elementor-inner-column elementor-element elementor-element-97200f4\" data-id=\"97200f4\" data-element_type=\"column\" data-e-type=\"column\">\n\t\t\t<div class=\"elementor-widget-wrap elementor-element-populated\">\n\t\t\t\t\t\t<div class=\"elementor-element elementor-element-9c1eae1 elementor-widget elementor-widget-text-editor\" data-id=\"9c1eae1\" data-element_type=\"widget\" data-e-type=\"widget\" data-widget_type=\"text-editor.default\">\n\t\t\t\t<div class=\"elementor-widget-container\">\n\t\t\t\t\t\t\t\t\t<p>Positionn\u00e9 \u00e0 l\u2019entr\u00e9e de votre maison, jardin ou commerce, le visiophone vous permet de visualiser et de communiquer avec la personne, avant ouverture ou non \u00e0 votre visiteur.\nNous installons vos visiophones dans le respect des normes et nous vous formons \u00e0 son utilisation. Confiez votre s\u00e9r\u00e9nit\u00e9 \u00e0 Royal Elec.<\/p>\t\t\t\t\t\t\t\t<\/div>\n\t\t\t\t<\/div>\n\t\t\t\t\t<\/div>\n\t\t<\/div>\n\t\t\t\t\t<\/div>\n\t\t<\/section>\n\t\t\t\t<section class=\"elementor-section elementor-inner-section elementor-element elementor-element-7cbf4ee elementor-section-boxed elementor-section-height-default elementor-section-height-default\" data-id=\"7cbf4ee\" data-element_type=\"section\" data-e-type=\"section\" data-settings=\"{&quot;background_background&quot;:&quot;classic&quot;}\">\n\t\t\t\t\t\t<div class=\"elementor-container elementor-column-gap-default\">\n\t\t\t\t\t<div class=\"elementor-column elementor-col-100 elementor-inner-column elementor-element elementor-element-425dcb4\" data-id=\"425dcb4\" data-element_type=\"column\" data-e-type=\"column\" data-settings=\"{&quot;background_background&quot;:&quot;classic&quot;}\">\n\t\t\t<div class=\"elementor-widget-wrap elementor-element-populated\">\n\t\t\t\t\t\t<div class=\"elementor-element elementor-element-70c3e09 elementor-widget elementor-widget-heading\" data-id=\"70c3e09\" data-element_type=\"widget\" data-e-type=\"widget\" data-widget_type=\"heading.default\">\n\t\t\t\t<div class=\"elementor-widget-container\">\n\t\t\t\t\t<h2 class=\"elementor-heading-title elementor-size-xl\">Nos atouts<\/h2>\t\t\t\t<\/div>\n\t\t\t\t<\/div>\n\t\t\t\t<div class=\"elementor-element elementor-element-f9560d9 elementor-align-start elementor-icon-list--layout-traditional elementor-list-item-link-full_width elementor-widget elementor-widget-icon-list\" data-id=\"f9560d9\" data-element_type=\"widget\" data-e-type=\"widget\" data-widget_type=\"icon-list.default\">\n\t\t\t\t<div class=\"elementor-widget-container\">\n\t\t\t\t\t\t\t<ul class=\"elementor-icon-list-items\">\n\t\t\t\t\t\t\t<li class=\"elementor-icon-list-item\">\n\t\t\t\t\t\t\t\t\t\t\t<span class=\"elementor-icon-list-icon\">\n\t\t\t\t\t\t\t\t\t\t\t\t\t\t\t\t<i class=\"fa fa-check\" aria-hidden=\"true\"><\/i>\n\t\t\t\t\t\t\t\t\t\t\t\t\t<\/span>\n\t\t\t\t\t\t\t\t\t\t<span class=\"elementor-icon-list-text\">Installation et formation \u00e0 l\u2019utilisation\u2028<\/span>\n\t\t\t\t\t\t\t\t\t<\/li>\n\t\t\t\t\t\t\t\t<li class=\"elementor-icon-list-item\">\n\t\t\t\t\t\t\t\t\t\t\t<span class=\"elementor-icon-list-icon\">\n\t\t\t\t\t\t\t\t\t\t\t\t\t\t\t\t<i class=\"fa fa-check\" aria-hidden=\"true\"><\/i>\n\t\t\t\t\t\t\t\t\t\t\t\t\t<\/span>\n\t\t\t\t\t\t\t\t\t\t<span class=\"elementor-icon-list-text\">SAV<\/span>\n\t\t\t\t\t\t\t\t\t<\/li>\n\t\t\t\t\t\t\t\t<li class=\"elementor-icon-list-item\">\n\t\t\t\t\t\t\t\t\t\t\t<span class=\"elementor-icon-list-icon\">\n\t\t\t\t\t\t\t\t\t\t\t\t\t\t\t\t<i class=\"fa fa-check\" aria-hidden=\"true\"><\/i>\n\t\t\t\t\t\t\t\t\t\t\t\t\t<\/span>\n\t\t\t\t\t\t\t\t\t\t<span class=\"elementor-icon-list-text\">Particuliers et Professionnels (public ou priv\u00e9)<\/span>\n\t\t\t\t\t\t\t\t\t<\/li>\n\t\t\t\t\t\t<\/ul>\n\t\t\t\t\t\t<\/div>\n\t\t\t\t<\/div>\n\t\t\t\t\t<\/div>\n\t\t<\/div>\n\t\t\t\t\t<\/div>\n\t\t<\/section>\n\t\t\t\t<section class=\"elementor-section elementor-inner-section elementor-element elementor-element-e00b92d elementor-section-boxed elementor-section-height-default elementor-section-height-default\" data-id=\"e00b92d\" data-element_type=\"section\" data-e-type=\"section\">\n\t\t\t\t\t\t<div class=\"elementor-container elementor-column-gap-default\">\n\t\t\t\t\t<div class=\"elementor-column elementor-col-100 elementor-inner-column elementor-element elementor-element-890b512\" data-id=\"890b512\" data-element_type=\"column\" data-e-type=\"column\">\n\t\t\t<div class=\"elementor-widget-wrap elementor-element-populated\">\n\t\t\t\t\t\t<div class=\"elementor-element elementor-element-099d30c elementor-view-default elementor-widget elementor-widget-icon\" data-id=\"099d30c\" data-element_type=\"widget\" data-e-type=\"widget\" data-widget_type=\"icon.default\">\n\t\t\t\t<div class=\"elementor-widget-container\">\n\t\t\t\t\t\t\t<div class=\"elementor-icon-wrapper\">\n\t\t\t<div class=\"elementor-icon\">\n\t\t\t<i aria-hidden=\"true\" class=\"fas fa-star\"><\/i>\t\t\t<\/div>\n\t\t<\/div>\n\t\t\t\t\t\t<\/div>\n\t\t\t\t<\/div>\n\t\t\t\t<div class=\"elementor-element elementor-element-f5ebe8e elementor-widget elementor-widget-heading\" data-id=\"f5ebe8e\" data-element_type=\"widget\" data-e-type=\"widget\" data-widget_type=\"heading.default\">\n\t\t\t\t<div class=\"elementor-widget-container\">\n\t\t\t\t\t<h2 class=\"elementor-heading-title elementor-size-xl\">Nos Marques<\/h2>\t\t\t\t<\/div>\n\t\t\t\t<\/div>\n\t\t\t\t<div class=\"elementor-element elementor-element-b0575e9 elementor-widget elementor-widget-image\" data-id=\"b0575e9\" data-element_type=\"widget\" data-e-type=\"widget\" data-widget_type=\"image.default\">\n\t\t\t\t<div class=\"elementor-widget-container\">\n\t\t\t\t\t\t\t\t\t\t\t\t\t\t\t\t<a href=\"https:\/\/www.aiphone.fr\/\" target=\"_blank\">\n\t\t\t\t\t\t\t<img decoding=\"async\" width=\"500\" height=\"120\" src=\"https:\/\/www.royal-elec.fr\/wp-content\/uploads\/2019\/06\/aiphone.jpg\" class=\"attachment-full size-full wp-image-402\" alt=\"aiphone\" srcset=\"https:\/\/www.royal-elec.fr\/wp-content\/uploads\/2019\/06\/aiphone.jpg 500w, https:\/\/www.royal-elec.fr\/wp-content\/uploads\/2019\/06\/aiphone-300x72.jpg 300w\" sizes=\"100vw\" \/>\t\t\t\t\t\t\t\t<\/a>\n\t\t\t\t\t\t\t\t\t\t\t\t\t\t\t<\/div>\n\t\t\t\t<\/div>\n\t\t\t\t\t<\/div>\n\t\t<\/div>\n\t\t\t\t\t<\/div>\n\t\t<\/section>\n\t\t\t\t<div class=\"elementor-element elementor-element-0b6dee9 elementor-widget elementor-widget-spacer\" data-id=\"0b6dee9\" data-element_type=\"widget\" data-e-type=\"widget\" data-widget_type=\"spacer.default\">\n\t\t\t\t<div class=\"elementor-widget-container\">\n\t\t\t\t\t\t\t<div class=\"elementor-spacer\">\n\t\t\t<div class=\"elementor-spacer-inner\"><\/div>\n\t\t<\/div>\n\t\t\t\t\t\t<\/div>\n\t\t\t\t<\/div>\n\t\t\t\t\t<\/div>\n\t\t<\/div>\n\t\t\t\t\t<\/div>\n\t\t<\/section>\n\t\t\t\t<\/div>\n\t\t","protected":false},"excerpt":{"rendered":"<p>VISIOPHONE Positionn\u00e9 \u00e0 l\u2019entr\u00e9e de votre maison, jardin ou commerce, le visiophone vous permet de visualiser et de communiquer avec la personne, avant ouverture ou non \u00e0 votre visiteur. Nous installons vos visiophones dans le respect des normes et nous vous formons \u00e0 son utilisation. Confiez votre s\u00e9r\u00e9nit\u00e9 \u00e0 Royal Elec. Nos atouts Installation et &hellip; <\/p>\n<p class=\"link-more\"><a href=\"https:\/\/www.royal-elec.fr\/index.php\/electricite\/visiophone\/\" class=\"more-link\">Continuer la lecture<span class=\"screen-reader-text\"> de &laquo;&nbsp;Visiophone&nbsp;&raquo;<\/span><\/a><\/p>\n","protected":false},"author":1,"featured_media":0,"parent":9,"menu_order":2,"comment_status":"closed","ping_status":"closed","template":"elementor_header_footer","meta":{"footnotes":""},"class_list":["post-32","page","type-page","status-publish","hentry"],"yoast_head":"<!-- This site is optimized with the Yoast SEO plugin v27.3 - https:\/\/yoast.com\/product\/yoast-seo-wordpress\/ -->\n<title>Visiophone - ROYAL ELEC visiophone jardin commerce maison aiphone<\/title>\n<meta name=\"description\" content=\"Positionn\u00e9 \u00e0 l\u2019entr\u00e9e de votre maison, jardin ou commerce, le visiophone vous permet de visualiser et de communiquer avec la personne,...\" \/>\n<meta name=\"robots\" content=\"index, follow, max-snippet:-1, max-image-preview:large, max-video-preview:-1\" \/>\n<link rel=\"canonical\" href=\"https:\/\/www.royal-elec.fr\/index.php\/electricite\/visiophone\/\" \/>\n<meta property=\"og:locale\" content=\"fr_FR\" \/>\n<meta property=\"og:type\" content=\"article\" \/>\n<meta property=\"og:title\" content=\"Visiophone - ROYAL ELEC visiophone jardin commerce maison aiphone\" \/>\n<meta property=\"og:description\" content=\"Positionn\u00e9 \u00e0 l\u2019entr\u00e9e de votre maison, jardin ou commerce, le visiophone vous permet de visualiser et de communiquer avec la personne,...\" \/>\n<meta property=\"og:url\" content=\"https:\/\/www.royal-elec.fr\/index.php\/electricite\/visiophone\/\" \/>\n<meta property=\"og:site_name\" content=\"ROYAL ELEC\" \/>\n<meta property=\"article:publisher\" content=\"https:\/\/www.facebook.com\/profile.php?id=100064052384444\" \/>\n<meta property=\"article:modified_time\" content=\"2019-06-24T12:17:21+00:00\" \/>\n<meta property=\"og:image\" content=\"https:\/\/www.royal-elec.fr\/wp-content\/uploads\/2019\/06\/3-visiophone.jpg\" \/>\n<meta name=\"twitter:card\" content=\"summary_large_image\" \/>\n<script type=\"application\/ld+json\" class=\"yoast-schema-graph\">{\"@context\":\"https:\\\/\\\/schema.org\",\"@graph\":[{\"@type\":\"WebPage\",\"@id\":\"https:\\\/\\\/www.royal-elec.fr\\\/index.php\\\/electricite\\\/visiophone\\\/\",\"url\":\"https:\\\/\\\/www.royal-elec.fr\\\/index.php\\\/electricite\\\/visiophone\\\/\",\"name\":\"Visiophone - ROYAL ELEC visiophone jardin commerce maison aiphone\",\"isPartOf\":{\"@id\":\"https:\\\/\\\/www.royal-elec.fr\\\/#website\"},\"primaryImageOfPage\":{\"@id\":\"https:\\\/\\\/www.royal-elec.fr\\\/index.php\\\/electricite\\\/visiophone\\\/#primaryimage\"},\"image\":{\"@id\":\"https:\\\/\\\/www.royal-elec.fr\\\/index.php\\\/electricite\\\/visiophone\\\/#primaryimage\"},\"thumbnailUrl\":\"https:\\\/\\\/www.royal-elec.fr\\\/wp-content\\\/uploads\\\/2019\\\/06\\\/3-visiophone.jpg\",\"datePublished\":\"2019-04-18T20:19:51+00:00\",\"dateModified\":\"2019-06-24T12:17:21+00:00\",\"description\":\"Positionn\u00e9 \u00e0 l\u2019entr\u00e9e de votre maison, jardin ou commerce, le visiophone vous permet de visualiser et de communiquer avec la personne,...\",\"breadcrumb\":{\"@id\":\"https:\\\/\\\/www.royal-elec.fr\\\/index.php\\\/electricite\\\/visiophone\\\/#breadcrumb\"},\"inLanguage\":\"fr-FR\",\"potentialAction\":[{\"@type\":\"ReadAction\",\"target\":[\"https:\\\/\\\/www.royal-elec.fr\\\/index.php\\\/electricite\\\/visiophone\\\/\"]}]},{\"@type\":\"ImageObject\",\"inLanguage\":\"fr-FR\",\"@id\":\"https:\\\/\\\/www.royal-elec.fr\\\/index.php\\\/electricite\\\/visiophone\\\/#primaryimage\",\"url\":\"https:\\\/\\\/www.royal-elec.fr\\\/wp-content\\\/uploads\\\/2019\\\/06\\\/3-visiophone.jpg\",\"contentUrl\":\"https:\\\/\\\/www.royal-elec.fr\\\/wp-content\\\/uploads\\\/2019\\\/06\\\/3-visiophone.jpg\",\"width\":1140,\"height\":400,\"caption\":\"visiophone\"},{\"@type\":\"BreadcrumbList\",\"@id\":\"https:\\\/\\\/www.royal-elec.fr\\\/index.php\\\/electricite\\\/visiophone\\\/#breadcrumb\",\"itemListElement\":[{\"@type\":\"ListItem\",\"position\":1,\"name\":\"Accueil\",\"item\":\"https:\\\/\\\/www.royal-elec.fr\\\/\"},{\"@type\":\"ListItem\",\"position\":2,\"name\":\"\u00c9lectricit\u00e9\",\"item\":\"https:\\\/\\\/www.royal-elec.fr\\\/index.php\\\/electricite\\\/\"},{\"@type\":\"ListItem\",\"position\":3,\"name\":\"Visiophone\"}]},{\"@type\":\"WebSite\",\"@id\":\"https:\\\/\\\/www.royal-elec.fr\\\/#website\",\"url\":\"https:\\\/\\\/www.royal-elec.fr\\\/\",\"name\":\"ROYAL ELEC\",\"description\":\"Electricit\u00e9, plomberie, chauffage, panneaux photovolta\u00efques en Charente-Maritime\",\"publisher\":{\"@id\":\"https:\\\/\\\/www.royal-elec.fr\\\/#organization\"},\"alternateName\":\"ROYAL ELEC\",\"potentialAction\":[{\"@type\":\"SearchAction\",\"target\":{\"@type\":\"EntryPoint\",\"urlTemplate\":\"https:\\\/\\\/www.royal-elec.fr\\\/?s={search_term_string}\"},\"query-input\":{\"@type\":\"PropertyValueSpecification\",\"valueRequired\":true,\"valueName\":\"search_term_string\"}}],\"inLanguage\":\"fr-FR\"},{\"@type\":\"Organization\",\"@id\":\"https:\\\/\\\/www.royal-elec.fr\\\/#organization\",\"name\":\"Royal Elec\",\"url\":\"https:\\\/\\\/www.royal-elec.fr\\\/\",\"logo\":{\"@type\":\"ImageObject\",\"inLanguage\":\"fr-FR\",\"@id\":\"https:\\\/\\\/www.royal-elec.fr\\\/#\\\/schema\\\/logo\\\/image\\\/\",\"url\":\"https:\\\/\\\/www.royal-elec.fr\\\/wp-content\\\/uploads\\\/2019\\\/06\\\/royal-elec-favicon.jpg\",\"contentUrl\":\"https:\\\/\\\/www.royal-elec.fr\\\/wp-content\\\/uploads\\\/2019\\\/06\\\/royal-elec-favicon.jpg\",\"width\":512,\"height\":512,\"caption\":\"Royal Elec\"},\"image\":{\"@id\":\"https:\\\/\\\/www.royal-elec.fr\\\/#\\\/schema\\\/logo\\\/image\\\/\"},\"sameAs\":[\"https:\\\/\\\/www.facebook.com\\\/profile.php?id=100064052384444\"]}]}<\/script>\n<!-- \/ Yoast SEO plugin. -->","yoast_head_json":{"title":"Visiophone - ROYAL ELEC visiophone jardin commerce maison aiphone","description":"Positionn\u00e9 \u00e0 l\u2019entr\u00e9e de votre maison, jardin ou commerce, le visiophone vous permet de visualiser et de communiquer avec la personne,...","robots":{"index":"index","follow":"follow","max-snippet":"max-snippet:-1","max-image-preview":"max-image-preview:large","max-video-preview":"max-video-preview:-1"},"canonical":"https:\/\/www.royal-elec.fr\/index.php\/electricite\/visiophone\/","og_locale":"fr_FR","og_type":"article","og_title":"Visiophone - ROYAL ELEC visiophone jardin commerce maison aiphone","og_description":"Positionn\u00e9 \u00e0 l\u2019entr\u00e9e de votre maison, jardin ou commerce, le visiophone vous permet de visualiser et de communiquer avec la personne,...","og_url":"https:\/\/www.royal-elec.fr\/index.php\/electricite\/visiophone\/","og_site_name":"ROYAL ELEC","article_publisher":"https:\/\/www.facebook.com\/profile.php?id=100064052384444","article_modified_time":"2019-06-24T12:17:21+00:00","og_image":[{"url":"https:\/\/www.royal-elec.fr\/wp-content\/uploads\/2019\/06\/3-visiophone.jpg","type":"","width":"","height":""}],"twitter_card":"summary_large_image","schema":{"@context":"https:\/\/schema.org","@graph":[{"@type":"WebPage","@id":"https:\/\/www.royal-elec.fr\/index.php\/electricite\/visiophone\/","url":"https:\/\/www.royal-elec.fr\/index.php\/electricite\/visiophone\/","name":"Visiophone - ROYAL ELEC visiophone jardin commerce maison aiphone","isPartOf":{"@id":"https:\/\/www.royal-elec.fr\/#website"},"primaryImageOfPage":{"@id":"https:\/\/www.royal-elec.fr\/index.php\/electricite\/visiophone\/#primaryimage"},"image":{"@id":"https:\/\/www.royal-elec.fr\/index.php\/electricite\/visiophone\/#primaryimage"},"thumbnailUrl":"https:\/\/www.royal-elec.fr\/wp-content\/uploads\/2019\/06\/3-visiophone.jpg","datePublished":"2019-04-18T20:19:51+00:00","dateModified":"2019-06-24T12:17:21+00:00","description":"Positionn\u00e9 \u00e0 l\u2019entr\u00e9e de votre maison, jardin ou commerce, le visiophone vous permet de visualiser et de communiquer avec la personne,...","breadcrumb":{"@id":"https:\/\/www.royal-elec.fr\/index.php\/electricite\/visiophone\/#breadcrumb"},"inLanguage":"fr-FR","potentialAction":[{"@type":"ReadAction","target":["https:\/\/www.royal-elec.fr\/index.php\/electricite\/visiophone\/"]}]},{"@type":"ImageObject","inLanguage":"fr-FR","@id":"https:\/\/www.royal-elec.fr\/index.php\/electricite\/visiophone\/#primaryimage","url":"https:\/\/www.royal-elec.fr\/wp-content\/uploads\/2019\/06\/3-visiophone.jpg","contentUrl":"https:\/\/www.royal-elec.fr\/wp-content\/uploads\/2019\/06\/3-visiophone.jpg","width":1140,"height":400,"caption":"visiophone"},{"@type":"BreadcrumbList","@id":"https:\/\/www.royal-elec.fr\/index.php\/electricite\/visiophone\/#breadcrumb","itemListElement":[{"@type":"ListItem","position":1,"name":"Accueil","item":"https:\/\/www.royal-elec.fr\/"},{"@type":"ListItem","position":2,"name":"\u00c9lectricit\u00e9","item":"https:\/\/www.royal-elec.fr\/index.php\/electricite\/"},{"@type":"ListItem","position":3,"name":"Visiophone"}]},{"@type":"WebSite","@id":"https:\/\/www.royal-elec.fr\/#website","url":"https:\/\/www.royal-elec.fr\/","name":"ROYAL ELEC","description":"Electricit\u00e9, plomberie, chauffage, panneaux photovolta\u00efques en Charente-Maritime","publisher":{"@id":"https:\/\/www.royal-elec.fr\/#organization"},"alternateName":"ROYAL ELEC","potentialAction":[{"@type":"SearchAction","target":{"@type":"EntryPoint","urlTemplate":"https:\/\/www.royal-elec.fr\/?s={search_term_string}"},"query-input":{"@type":"PropertyValueSpecification","valueRequired":true,"valueName":"search_term_string"}}],"inLanguage":"fr-FR"},{"@type":"Organization","@id":"https:\/\/www.royal-elec.fr\/#organization","name":"Royal Elec","url":"https:\/\/www.royal-elec.fr\/","logo":{"@type":"ImageObject","inLanguage":"fr-FR","@id":"https:\/\/www.royal-elec.fr\/#\/schema\/logo\/image\/","url":"https:\/\/www.royal-elec.fr\/wp-content\/uploads\/2019\/06\/royal-elec-favicon.jpg","contentUrl":"https:\/\/www.royal-elec.fr\/wp-content\/uploads\/2019\/06\/royal-elec-favicon.jpg","width":512,"height":512,"caption":"Royal Elec"},"image":{"@id":"https:\/\/www.royal-elec.fr\/#\/schema\/logo\/image\/"},"sameAs":["https:\/\/www.facebook.com\/profile.php?id=100064052384444"]}]}},"_links":{"self":[{"href":"https:\/\/www.royal-elec.fr\/index.php\/wp-json\/wp\/v2\/pages\/32","targetHints":{"allow":["GET"]}}],"collection":[{"href":"https:\/\/www.royal-elec.fr\/index.php\/wp-json\/wp\/v2\/pages"}],"about":[{"href":"https:\/\/www.royal-elec.fr\/index.php\/wp-json\/wp\/v2\/types\/page"}],"author":[{"embeddable":true,"href":"https:\/\/www.royal-elec.fr\/index.php\/wp-json\/wp\/v2\/users\/1"}],"replies":[{"embeddable":true,"href":"https:\/\/www.royal-elec.fr\/index.php\/wp-json\/wp\/v2\/comments?post=32"}],"version-history":[{"count":9,"href":"https:\/\/www.royal-elec.fr\/index.php\/wp-json\/wp\/v2\/pages\/32\/revisions"}],"predecessor-version":[{"id":477,"href":"https:\/\/www.royal-elec.fr\/index.php\/wp-json\/wp\/v2\/pages\/32\/revisions\/477"}],"up":[{"embeddable":true,"href":"https:\/\/www.royal-elec.fr\/index.php\/wp-json\/wp\/v2\/pages\/9"}],"wp:attachment":[{"href":"https:\/\/www.royal-elec.fr\/index.php\/wp-json\/wp\/v2\/media?parent=32"}],"curies":[{"name":"wp","href":"https:\/\/api.w.org\/{rel}","templated":true}]}}