{"id":24,"date":"2019-04-18T20:07:15","date_gmt":"2019-04-18T20:07:15","guid":{"rendered":"https:\/\/www.royal-elec.fr\/?page_id=24"},"modified":"2024-07-06T12:26:30","modified_gmt":"2024-07-06T12:26:30","slug":"service","status":"publish","type":"page","link":"https:\/\/www.royal-elec.fr\/index.php\/service\/","title":{"rendered":"Service"},"content":{"rendered":"\t\t<div data-elementor-type=\"wp-post\" data-elementor-id=\"24\" class=\"elementor elementor-24\" data-elementor-post-type=\"page\">\n\t\t\t\t\t\t<section class=\"elementor-section elementor-top-section elementor-element elementor-element-f3dcc42 elementor-section-full_width elementor-section-height-default elementor-section-height-default\" data-id=\"f3dcc42\" data-element_type=\"section\" data-e-type=\"section\">\n\t\t\t\t\t\t<div class=\"elementor-container elementor-column-gap-no\">\n\t\t\t\t\t<div class=\"elementor-column elementor-col-100 elementor-top-column elementor-element elementor-element-2ce3c21\" data-id=\"2ce3c21\" data-element_type=\"column\" data-e-type=\"column\">\n\t\t\t<div class=\"elementor-widget-wrap elementor-element-populated\">\n\t\t\t\t\t\t<section class=\"elementor-section elementor-inner-section elementor-element elementor-element-c433943 elementor-section-full_width elementor-section-height-default elementor-section-height-default\" data-id=\"c433943\" data-element_type=\"section\" data-e-type=\"section\" data-settings=\"{&quot;background_background&quot;:&quot;classic&quot;}\">\n\t\t\t\t\t\t<div class=\"elementor-container elementor-column-gap-default\">\n\t\t\t\t\t<div class=\"elementor-column elementor-col-100 elementor-inner-column elementor-element elementor-element-0a0a9dc\" data-id=\"0a0a9dc\" data-element_type=\"column\" data-e-type=\"column\">\n\t\t\t<div class=\"elementor-widget-wrap elementor-element-populated\">\n\t\t\t\t\t\t<div class=\"elementor-element elementor-element-c19e841 elementor-widget elementor-widget-heading\" data-id=\"c19e841\" data-element_type=\"widget\" data-e-type=\"widget\" data-widget_type=\"heading.default\">\n\t\t\t\t<div class=\"elementor-widget-container\">\n\t\t\t\t\t<h1 class=\"elementor-heading-title elementor-size-large\">SERVICES<\/h1>\t\t\t\t<\/div>\n\t\t\t\t<\/div>\n\t\t\t\t\t<\/div>\n\t\t<\/div>\n\t\t\t\t\t<\/div>\n\t\t<\/section>\n\t\t\t\t<section class=\"elementor-section elementor-inner-section elementor-element elementor-element-bcff908 elementor-section-boxed elementor-section-height-default elementor-section-height-default\" data-id=\"bcff908\" data-element_type=\"section\" data-e-type=\"section\">\n\t\t\t\t\t\t<div class=\"elementor-container elementor-column-gap-no\">\n\t\t\t\t\t<div class=\"elementor-column elementor-col-100 elementor-inner-column elementor-element elementor-element-c02eefb\" data-id=\"c02eefb\" data-element_type=\"column\" data-e-type=\"column\">\n\t\t\t<div class=\"elementor-widget-wrap elementor-element-populated\">\n\t\t\t\t\t\t<div class=\"elementor-element elementor-element-5a471c4 elementor-widget elementor-widget-image\" data-id=\"5a471c4\" data-element_type=\"widget\" data-e-type=\"widget\" data-settings=\"{&quot;motion_fx_motion_fx_mouse&quot;:&quot;yes&quot;}\" data-widget_type=\"image.default\">\n\t\t\t\t<div class=\"elementor-widget-container\">\n\t\t\t\t\t\t\t\t\t\t\t\t\t\t\t<img fetchpriority=\"high\" decoding=\"async\" width=\"1140\" height=\"400\" src=\"https:\/\/www.royal-elec.fr\/wp-content\/uploads\/2023\/11\/service-royal-elec.jpg\" class=\"attachment-full size-full wp-image-562\" alt=\"\" srcset=\"https:\/\/www.royal-elec.fr\/wp-content\/uploads\/2023\/11\/service-royal-elec.jpg 1140w, https:\/\/www.royal-elec.fr\/wp-content\/uploads\/2023\/11\/service-royal-elec-300x105.jpg 300w, https:\/\/www.royal-elec.fr\/wp-content\/uploads\/2023\/11\/service-royal-elec-1024x359.jpg 1024w, https:\/\/www.royal-elec.fr\/wp-content\/uploads\/2023\/11\/service-royal-elec-768x269.jpg 768w\" sizes=\"100vw\" \/>\t\t\t\t\t\t\t\t\t\t\t\t\t\t\t<\/div>\n\t\t\t\t<\/div>\n\t\t\t\t\t<\/div>\n\t\t<\/div>\n\t\t\t\t\t<\/div>\n\t\t<\/section>\n\t\t\t\t<section class=\"elementor-section elementor-inner-section elementor-element elementor-element-1a0e1b4 elementor-section-boxed elementor-section-height-default elementor-section-height-default\" data-id=\"1a0e1b4\" data-element_type=\"section\" data-e-type=\"section\">\n\t\t\t\t\t\t<div class=\"elementor-container elementor-column-gap-default\">\n\t\t\t\t\t<div class=\"elementor-column elementor-col-100 elementor-inner-column elementor-element elementor-element-dfd8256\" data-id=\"dfd8256\" data-element_type=\"column\" data-e-type=\"column\">\n\t\t\t<div class=\"elementor-widget-wrap elementor-element-populated\">\n\t\t\t\t\t\t<div class=\"elementor-element elementor-element-bda7d0f elementor-widget elementor-widget-text-editor\" data-id=\"bda7d0f\" data-element_type=\"widget\" data-e-type=\"widget\" data-widget_type=\"text-editor.default\">\n\t\t\t\t<div class=\"elementor-widget-container\">\n\t\t\t\t\t\t\t\t\t<p>Royal Elec c\u2019est une \u00e9quipe professionnelle et accueillante, \u00e0 votre service pour tous vos besoins en \u00e9lectricit\u00e9 et plomberie.<a href=\"https:\/\/www.royal-elec.fr\/index.php\/contact-devis\/\"> Contactez-nous<\/a> :<\/p><ul><li>Lundi au jeudi 08h00-12h00 | 13h00-17h00 et Vendredi 08h-12h<\/li><li>pour vos D\u00e9pannages en <a href=\"https:\/\/www.royal-elec.fr\/index.php\/electricite\/electricite-generale\/\">Electricit\u00e9<\/a> et <a href=\"https:\/\/www.royal-elec.fr\/index.php\/plomberie\/plomberie-generale\/\">Plomberie\u2028<\/a><\/li><li>pour l\u2019Entretien de vos<ul><li>\u2028<a href=\"https:\/\/www.royal-elec.fr\/index.php\/chauffage\/pompe-a-chaleur\/\">Pompes \u00e0 chaleur<\/a><\/li><li><a href=\"https:\/\/www.royal-elec.fr\/index.php\/plomberie\/chauffe-eau\/\">Chauffe-eau<\/a><\/li><li><a href=\"https:\/\/www.royal-elec.fr\/index.php\/chauffage\/climatisation\/\">Climatisation<\/a><\/li><li><a href=\"https:\/\/www.royal-elec.fr\/index.php\/plomberie\/adoucisseur\/\">Adoucisseurs<\/a><\/li><li>VMC<\/li><\/ul><\/li><\/ul><p>Nous intervenons sur rendez-vous, que vous soyez un Particulier ou un Professionnel, dans un p\u00e9rim\u00e8tre allant de Cognac \u00e0 Saint Jean d\u2019Ang\u00e9ly, Pons, Rochefort ou Ol\u00e9ron.<\/p>\t\t\t\t\t\t\t\t<\/div>\n\t\t\t\t<\/div>\n\t\t\t\t\t<\/div>\n\t\t<\/div>\n\t\t\t\t\t<\/div>\n\t\t<\/section>\n\t\t\t\t\t<\/div>\n\t\t<\/div>\n\t\t\t\t\t<\/div>\n\t\t<\/section>\n\t\t\t\t<\/div>\n\t\t","protected":false},"excerpt":{"rendered":"<p>SERVICES Royal Elec c\u2019est une \u00e9quipe professionnelle et accueillante, \u00e0 votre service pour tous vos besoins en \u00e9lectricit\u00e9 et plomberie. Contactez-nous : Lundi au jeudi 08h00-12h00 | 13h00-17h00 et Vendredi 08h-12h pour vos D\u00e9pannages en Electricit\u00e9 et Plomberie\u2028 pour l\u2019Entretien de vos \u2028Pompes \u00e0 chaleur Chauffe-eau Climatisation Adoucisseurs VMC Nous intervenons sur rendez-vous, que vous &hellip; <\/p>\n<p class=\"link-more\"><a href=\"https:\/\/www.royal-elec.fr\/index.php\/service\/\" class=\"more-link\">Continuer la lecture<span class=\"screen-reader-text\"> de &laquo;&nbsp;Service&nbsp;&raquo;<\/span><\/a><\/p>\n","protected":false},"author":1,"featured_media":0,"parent":0,"menu_order":5,"comment_status":"closed","ping_status":"closed","template":"elementor_header_footer","meta":{"footnotes":""},"class_list":["post-24","page","type-page","status-publish","hentry"],"yoast_head":"<!-- This site is optimized with the Yoast SEO plugin v27.3 - https:\/\/yoast.com\/product\/yoast-seo-wordpress\/ -->\n<title>Service - ROYAL ELEC<\/title>\n<meta name=\"robots\" content=\"index, follow, max-snippet:-1, max-image-preview:large, max-video-preview:-1\" \/>\n<link rel=\"canonical\" href=\"https:\/\/www.royal-elec.fr\/index.php\/service\/\" \/>\n<meta property=\"og:locale\" content=\"fr_FR\" \/>\n<meta property=\"og:type\" content=\"article\" \/>\n<meta property=\"og:title\" content=\"Service - ROYAL ELEC\" \/>\n<meta property=\"og:description\" content=\"SERVICES Royal Elec c\u2019est une \u00e9quipe professionnelle et accueillante, \u00e0 votre service pour tous vos besoins en \u00e9lectricit\u00e9 et plomberie. Contactez-nous : Lundi au jeudi 08h00-12h00 | 13h00-17h00 et Vendredi 08h-12h pour vos D\u00e9pannages en Electricit\u00e9 et Plomberie\u2028 pour l\u2019Entretien de vos \u2028Pompes \u00e0 chaleur Chauffe-eau Climatisation Adoucisseurs VMC Nous intervenons sur rendez-vous, que vous &hellip; Continuer la lecture de &laquo;&nbsp;Service&nbsp;&raquo;\" \/>\n<meta property=\"og:url\" content=\"https:\/\/www.royal-elec.fr\/index.php\/service\/\" \/>\n<meta property=\"og:site_name\" content=\"ROYAL ELEC\" \/>\n<meta property=\"article:publisher\" content=\"https:\/\/www.facebook.com\/profile.php?id=100064052384444\" \/>\n<meta property=\"article:modified_time\" content=\"2024-07-06T12:26:30+00:00\" \/>\n<meta property=\"og:image\" content=\"https:\/\/www.royal-elec.fr\/wp-content\/uploads\/2023\/11\/service-royal-elec.jpg\" \/>\n<meta name=\"twitter:card\" content=\"summary_large_image\" \/>\n<meta name=\"twitter:label1\" content=\"Dur\u00e9e de lecture estim\u00e9e\" \/>\n\t<meta name=\"twitter:data1\" content=\"1 minute\" \/>\n<script type=\"application\/ld+json\" class=\"yoast-schema-graph\">{\"@context\":\"https:\\\/\\\/schema.org\",\"@graph\":[{\"@type\":\"WebPage\",\"@id\":\"https:\\\/\\\/www.royal-elec.fr\\\/index.php\\\/service\\\/\",\"url\":\"https:\\\/\\\/www.royal-elec.fr\\\/index.php\\\/service\\\/\",\"name\":\"Service - ROYAL ELEC\",\"isPartOf\":{\"@id\":\"https:\\\/\\\/www.royal-elec.fr\\\/#website\"},\"primaryImageOfPage\":{\"@id\":\"https:\\\/\\\/www.royal-elec.fr\\\/index.php\\\/service\\\/#primaryimage\"},\"image\":{\"@id\":\"https:\\\/\\\/www.royal-elec.fr\\\/index.php\\\/service\\\/#primaryimage\"},\"thumbnailUrl\":\"https:\\\/\\\/www.royal-elec.fr\\\/wp-content\\\/uploads\\\/2023\\\/11\\\/service-royal-elec.jpg\",\"datePublished\":\"2019-04-18T20:07:15+00:00\",\"dateModified\":\"2024-07-06T12:26:30+00:00\",\"breadcrumb\":{\"@id\":\"https:\\\/\\\/www.royal-elec.fr\\\/index.php\\\/service\\\/#breadcrumb\"},\"inLanguage\":\"fr-FR\",\"potentialAction\":[{\"@type\":\"ReadAction\",\"target\":[\"https:\\\/\\\/www.royal-elec.fr\\\/index.php\\\/service\\\/\"]}]},{\"@type\":\"ImageObject\",\"inLanguage\":\"fr-FR\",\"@id\":\"https:\\\/\\\/www.royal-elec.fr\\\/index.php\\\/service\\\/#primaryimage\",\"url\":\"https:\\\/\\\/www.royal-elec.fr\\\/wp-content\\\/uploads\\\/2023\\\/11\\\/service-royal-elec.jpg\",\"contentUrl\":\"https:\\\/\\\/www.royal-elec.fr\\\/wp-content\\\/uploads\\\/2023\\\/11\\\/service-royal-elec.jpg\",\"width\":1140,\"height\":400},{\"@type\":\"BreadcrumbList\",\"@id\":\"https:\\\/\\\/www.royal-elec.fr\\\/index.php\\\/service\\\/#breadcrumb\",\"itemListElement\":[{\"@type\":\"ListItem\",\"position\":1,\"name\":\"Accueil\",\"item\":\"https:\\\/\\\/www.royal-elec.fr\\\/\"},{\"@type\":\"ListItem\",\"position\":2,\"name\":\"Service\"}]},{\"@type\":\"WebSite\",\"@id\":\"https:\\\/\\\/www.royal-elec.fr\\\/#website\",\"url\":\"https:\\\/\\\/www.royal-elec.fr\\\/\",\"name\":\"ROYAL ELEC\",\"description\":\"Electricit\u00e9, plomberie, chauffage, panneaux photovolta\u00efques en Charente-Maritime\",\"publisher\":{\"@id\":\"https:\\\/\\\/www.royal-elec.fr\\\/#organization\"},\"alternateName\":\"ROYAL ELEC\",\"potentialAction\":[{\"@type\":\"SearchAction\",\"target\":{\"@type\":\"EntryPoint\",\"urlTemplate\":\"https:\\\/\\\/www.royal-elec.fr\\\/?s={search_term_string}\"},\"query-input\":{\"@type\":\"PropertyValueSpecification\",\"valueRequired\":true,\"valueName\":\"search_term_string\"}}],\"inLanguage\":\"fr-FR\"},{\"@type\":\"Organization\",\"@id\":\"https:\\\/\\\/www.royal-elec.fr\\\/#organization\",\"name\":\"Royal Elec\",\"url\":\"https:\\\/\\\/www.royal-elec.fr\\\/\",\"logo\":{\"@type\":\"ImageObject\",\"inLanguage\":\"fr-FR\",\"@id\":\"https:\\\/\\\/www.royal-elec.fr\\\/#\\\/schema\\\/logo\\\/image\\\/\",\"url\":\"https:\\\/\\\/www.royal-elec.fr\\\/wp-content\\\/uploads\\\/2019\\\/06\\\/royal-elec-favicon.jpg\",\"contentUrl\":\"https:\\\/\\\/www.royal-elec.fr\\\/wp-content\\\/uploads\\\/2019\\\/06\\\/royal-elec-favicon.jpg\",\"width\":512,\"height\":512,\"caption\":\"Royal Elec\"},\"image\":{\"@id\":\"https:\\\/\\\/www.royal-elec.fr\\\/#\\\/schema\\\/logo\\\/image\\\/\"},\"sameAs\":[\"https:\\\/\\\/www.facebook.com\\\/profile.php?id=100064052384444\"]}]}<\/script>\n<!-- \/ Yoast SEO plugin. -->","yoast_head_json":{"title":"Service - ROYAL ELEC","robots":{"index":"index","follow":"follow","max-snippet":"max-snippet:-1","max-image-preview":"max-image-preview:large","max-video-preview":"max-video-preview:-1"},"canonical":"https:\/\/www.royal-elec.fr\/index.php\/service\/","og_locale":"fr_FR","og_type":"article","og_title":"Service - ROYAL ELEC","og_description":"SERVICES Royal Elec c\u2019est une \u00e9quipe professionnelle et accueillante, \u00e0 votre service pour tous vos besoins en \u00e9lectricit\u00e9 et plomberie. Contactez-nous : Lundi au jeudi 08h00-12h00 | 13h00-17h00 et Vendredi 08h-12h pour vos D\u00e9pannages en Electricit\u00e9 et Plomberie\u2028 pour l\u2019Entretien de vos \u2028Pompes \u00e0 chaleur Chauffe-eau Climatisation Adoucisseurs VMC Nous intervenons sur rendez-vous, que vous &hellip; Continuer la lecture de &laquo;&nbsp;Service&nbsp;&raquo;","og_url":"https:\/\/www.royal-elec.fr\/index.php\/service\/","og_site_name":"ROYAL ELEC","article_publisher":"https:\/\/www.facebook.com\/profile.php?id=100064052384444","article_modified_time":"2024-07-06T12:26:30+00:00","og_image":[{"url":"https:\/\/www.royal-elec.fr\/wp-content\/uploads\/2023\/11\/service-royal-elec.jpg","type":"","width":"","height":""}],"twitter_card":"summary_large_image","twitter_misc":{"Dur\u00e9e de lecture estim\u00e9e":"1 minute"},"schema":{"@context":"https:\/\/schema.org","@graph":[{"@type":"WebPage","@id":"https:\/\/www.royal-elec.fr\/index.php\/service\/","url":"https:\/\/www.royal-elec.fr\/index.php\/service\/","name":"Service - ROYAL ELEC","isPartOf":{"@id":"https:\/\/www.royal-elec.fr\/#website"},"primaryImageOfPage":{"@id":"https:\/\/www.royal-elec.fr\/index.php\/service\/#primaryimage"},"image":{"@id":"https:\/\/www.royal-elec.fr\/index.php\/service\/#primaryimage"},"thumbnailUrl":"https:\/\/www.royal-elec.fr\/wp-content\/uploads\/2023\/11\/service-royal-elec.jpg","datePublished":"2019-04-18T20:07:15+00:00","dateModified":"2024-07-06T12:26:30+00:00","breadcrumb":{"@id":"https:\/\/www.royal-elec.fr\/index.php\/service\/#breadcrumb"},"inLanguage":"fr-FR","potentialAction":[{"@type":"ReadAction","target":["https:\/\/www.royal-elec.fr\/index.php\/service\/"]}]},{"@type":"ImageObject","inLanguage":"fr-FR","@id":"https:\/\/www.royal-elec.fr\/index.php\/service\/#primaryimage","url":"https:\/\/www.royal-elec.fr\/wp-content\/uploads\/2023\/11\/service-royal-elec.jpg","contentUrl":"https:\/\/www.royal-elec.fr\/wp-content\/uploads\/2023\/11\/service-royal-elec.jpg","width":1140,"height":400},{"@type":"BreadcrumbList","@id":"https:\/\/www.royal-elec.fr\/index.php\/service\/#breadcrumb","itemListElement":[{"@type":"ListItem","position":1,"name":"Accueil","item":"https:\/\/www.royal-elec.fr\/"},{"@type":"ListItem","position":2,"name":"Service"}]},{"@type":"WebSite","@id":"https:\/\/www.royal-elec.fr\/#website","url":"https:\/\/www.royal-elec.fr\/","name":"ROYAL ELEC","description":"Electricit\u00e9, plomberie, chauffage, panneaux photovolta\u00efques en Charente-Maritime","publisher":{"@id":"https:\/\/www.royal-elec.fr\/#organization"},"alternateName":"ROYAL ELEC","potentialAction":[{"@type":"SearchAction","target":{"@type":"EntryPoint","urlTemplate":"https:\/\/www.royal-elec.fr\/?s={search_term_string}"},"query-input":{"@type":"PropertyValueSpecification","valueRequired":true,"valueName":"search_term_string"}}],"inLanguage":"fr-FR"},{"@type":"Organization","@id":"https:\/\/www.royal-elec.fr\/#organization","name":"Royal Elec","url":"https:\/\/www.royal-elec.fr\/","logo":{"@type":"ImageObject","inLanguage":"fr-FR","@id":"https:\/\/www.royal-elec.fr\/#\/schema\/logo\/image\/","url":"https:\/\/www.royal-elec.fr\/wp-content\/uploads\/2019\/06\/royal-elec-favicon.jpg","contentUrl":"https:\/\/www.royal-elec.fr\/wp-content\/uploads\/2019\/06\/royal-elec-favicon.jpg","width":512,"height":512,"caption":"Royal Elec"},"image":{"@id":"https:\/\/www.royal-elec.fr\/#\/schema\/logo\/image\/"},"sameAs":["https:\/\/www.facebook.com\/profile.php?id=100064052384444"]}]}},"_links":{"self":[{"href":"https:\/\/www.royal-elec.fr\/index.php\/wp-json\/wp\/v2\/pages\/24","targetHints":{"allow":["GET"]}}],"collection":[{"href":"https:\/\/www.royal-elec.fr\/index.php\/wp-json\/wp\/v2\/pages"}],"about":[{"href":"https:\/\/www.royal-elec.fr\/index.php\/wp-json\/wp\/v2\/types\/page"}],"author":[{"embeddable":true,"href":"https:\/\/www.royal-elec.fr\/index.php\/wp-json\/wp\/v2\/users\/1"}],"replies":[{"embeddable":true,"href":"https:\/\/www.royal-elec.fr\/index.php\/wp-json\/wp\/v2\/comments?post=24"}],"version-history":[{"count":23,"href":"https:\/\/www.royal-elec.fr\/index.php\/wp-json\/wp\/v2\/pages\/24\/revisions"}],"predecessor-version":[{"id":839,"href":"https:\/\/www.royal-elec.fr\/index.php\/wp-json\/wp\/v2\/pages\/24\/revisions\/839"}],"wp:attachment":[{"href":"https:\/\/www.royal-elec.fr\/index.php\/wp-json\/wp\/v2\/media?parent=24"}],"curies":[{"name":"wp","href":"https:\/\/api.w.org\/{rel}","templated":true}]}}